{"id":217,"date":"2021-06-08T12:55:44","date_gmt":"2021-06-08T12:55:44","guid":{"rendered":"http:\/\/esme.local\/?page_id=217"},"modified":"2026-02-09T10:15:37","modified_gmt":"2026-02-09T10:15:37","slug":"summer-school","status":"publish","type":"page","link":"https:\/\/www.esme.fr\/en\/summer-school\/","title":{"rendered":"Summer School in Robotics"},"content":{"rendered":"\n<p class=\"is-style-esme-intro\">Every summer, ESME organizes a Summer School in Paris, France.<\/p>\n\n\n\n<p class=\"is-style-esme-intro\">In partnership with Alliance Fran\u00e7aise de Paris, this unique program combines robotics, digital manufacturing, and French language learning in the heart of the city.<\/p>\n\n\n\n<p>Join international students from around the world for an immersive two-week experience, where you will develop technical skills in our cutting-edge labs, discover the basics of robotics, and learn French with experts from Alliance Fran\u00e7aise.<\/p>\n\n\n\n<p>Beyond the classroom, enjoy an exceptional cultural program and experience Paris through exclusive visits and activities (dinner at the Mus\u00e9e d\u2019Orsay, a private tour of Notre Dame and many more).<\/p>\n\n\n\n<div class=\"wp-block-columns is-layout-flex wp-container-core-columns-is-layout-9d6595d7 wp-block-columns-is-layout-flex\">\n<div class=\"wp-block-column is-layout-flow wp-block-column-is-layout-flow\">\n<figure class=\"wp-block-image size-large\"><img loading=\"lazy\" decoding=\"async\" width=\"768\" height=\"1024\" src=\"https:\/\/www.esme.fr\/en\/wp-content\/uploads\/SUMMER_SCHOOL_-2-768x1024.jpg\" alt=\"\" class=\"wp-image-8637\" srcset=\"https:\/\/www.esme.fr\/en\/wp-content\/uploads\/SUMMER_SCHOOL_-2-768x1024.jpg 768w, https:\/\/www.esme.fr\/en\/wp-content\/uploads\/SUMMER_SCHOOL_-2-225x300.jpg 225w, https:\/\/www.esme.fr\/en\/wp-content\/uploads\/SUMMER_SCHOOL_-2-1152x1536.jpg 1152w, https:\/\/www.esme.fr\/en\/wp-content\/uploads\/SUMMER_SCHOOL_-2-34x45.jpg 34w, https:\/\/www.esme.fr\/en\/wp-content\/uploads\/SUMMER_SCHOOL_-2-68x90.jpg 68w, https:\/\/www.esme.fr\/en\/wp-content\/uploads\/SUMMER_SCHOOL_-2.jpg 1512w\" sizes=\"auto, (max-width: 768px) 100vw, 768px\" \/><\/figure>\n<\/div>\n\n\n\n<div class=\"wp-block-column is-layout-flow wp-block-column-is-layout-flow\">\n<div class=\"wp-block-group is-style-esme-borders-group has-darkblue-background-color has-background\"><div class=\"wp-block-group__inner-container is-layout-flow wp-block-group-is-layout-flow\">\n<h3 class=\"wp-block-heading\" id=\"h-when\">WHEN?<\/h3>\n\n\n\n<ul class=\"wp-block-list\">\n<li><strong><strong>Applications Open until May 2026 <\/strong><\/strong><\/li>\n\n\n\n<li><strong>From July 13 to July 24, 202<\/strong>6<\/li>\n<\/ul>\n\n\n\n<h3 class=\"wp-block-heading\" id=\"h-where\">WHERE?<\/h3>\n\n\n\n<ul class=\"wp-block-list\">\n<li><strong>Paris, France<\/strong><\/li>\n<\/ul>\n<\/div><\/div>\n<\/div>\n<\/div>\n\n\n\n<h2 class=\"wp-block-heading\" id=\"h-learn-more-about-our-summer-school\">Learn more about our Summer School<\/h2>\n\n\n\n<figure class=\"wp-block-embed is-type-video is-provider-youtube wp-block-embed-youtube wp-embed-aspect-16-9 wp-has-aspect-ratio\"><div class=\"wp-block-embed__wrapper\">\n<iframe loading=\"lazy\" title=\"ESME Summer School: Experience Innovation &amp; Engineering in Paris!\" width=\"640\" height=\"360\" src=\"https:\/\/www.youtube.com\/embed\/Cyrr7TkxGno?feature=oembed\" frameborder=\"0\" allow=\"accelerometer; autoplay; clipboard-write; encrypted-media; gyroscope; picture-in-picture; web-share\" referrerpolicy=\"strict-origin-when-cross-origin\" allowfullscreen><\/iframe>\n<\/div><\/figure>\n\n\n\n<h2 class=\"wp-block-heading\" id=\"h-previous-summer-school\">Previous summer school<\/h2>\n\n\n\n<figure class=\"wp-block-embed is-type-video is-provider-youtube wp-block-embed-youtube wp-embed-aspect-16-9 wp-has-aspect-ratio\"><div class=\"wp-block-embed__wrapper\">\n<iframe loading=\"lazy\" title=\"A Glimpse into the Epitech Summer School 2022\" width=\"640\" height=\"360\" src=\"https:\/\/www.youtube.com\/embed\/5cXUuWGC6s0?feature=oembed\" frameborder=\"0\" allow=\"accelerometer; autoplay; clipboard-write; encrypted-media; gyroscope; picture-in-picture; web-share\" referrerpolicy=\"strict-origin-when-cross-origin\" allowfullscreen><\/iframe>\n<\/div><\/figure>\n\n\n\n<div class=\"wp-block-columns is-layout-flex wp-container-core-columns-is-layout-9d6595d7 wp-block-columns-is-layout-flex\">\n<div class=\"wp-block-column is-layout-flow wp-block-column-is-layout-flow\">\n<p>With more than 40 collaborative labs and 3 000 startups, Paris is a key-player in the world tech startup major league.<br>Courses and workshops: Prototyping \/ Digital Manufacturing \/ Interactive &amp; Algorithmic Design (Processing) \/ Electronics<br>(Arduino) \/ CNC \/ Survival French \/ Design\/ CAD 3D Printing \/ 3D Modeling \/ Survival French \/ Final Challenge<br>Explore Paris like never before : startups, fablabs and incubators, Versailles, Bateaux Mouches, Stand-Up Comedy Show, etc.<\/p>\n<\/div>\n<\/div>\n\n\n\n<div class=\"wp-block-columns is-layout-flex wp-container-core-columns-is-layout-9d6595d7 wp-block-columns-is-layout-flex\">\n<div class=\"wp-block-column is-layout-flow wp-block-column-is-layout-flow\">\n<figure class=\"wp-block-image size-full\"><img loading=\"lazy\" decoding=\"async\" width=\"800\" height=\"356\" src=\"https:\/\/www.esme.fr\/en\/wp-content\/uploads\/summer-school-esme-epitech-2022-international-informatique-robotique-08.gif\" alt=\"Summer School : informatique, robotique et d\u00e9couverte de la France !\" class=\"wp-image-8285\"\/><\/figure>\n<\/div>\n\n\n\n<div class=\"wp-block-column is-layout-flow wp-block-column-is-layout-flow\">\n<figure class=\"wp-block-image size-large\"><img loading=\"lazy\" decoding=\"async\" width=\"1024\" height=\"856\" src=\"https:\/\/www.esme.fr\/en\/wp-content\/uploads\/SummerSchool2022_Salle-de-cours2-1024x856.jpeg\" alt=\"\" class=\"wp-image-8639\" srcset=\"https:\/\/www.esme.fr\/en\/wp-content\/uploads\/SummerSchool2022_Salle-de-cours2-1024x856.jpeg 1024w, https:\/\/www.esme.fr\/en\/wp-content\/uploads\/SummerSchool2022_Salle-de-cours2-300x251.jpeg 300w, https:\/\/www.esme.fr\/en\/wp-content\/uploads\/SummerSchool2022_Salle-de-cours2-768x642.jpeg 768w, https:\/\/www.esme.fr\/en\/wp-content\/uploads\/SummerSchool2022_Salle-de-cours2-1536x1284.jpeg 1536w, https:\/\/www.esme.fr\/en\/wp-content\/uploads\/SummerSchool2022_Salle-de-cours2-2048x1712.jpeg 2048w, https:\/\/www.esme.fr\/en\/wp-content\/uploads\/SummerSchool2022_Salle-de-cours2-54x45.jpeg 54w, https:\/\/www.esme.fr\/en\/wp-content\/uploads\/SummerSchool2022_Salle-de-cours2-108x90.jpeg 108w\" sizes=\"auto, (max-width: 1024px) 100vw, 1024px\" \/><\/figure>\n<\/div>\n\n\n\n<div class=\"wp-block-column is-layout-flow wp-block-column-is-layout-flow\">\n<figure class=\"wp-block-image size-large\"><img loading=\"lazy\" decoding=\"async\" width=\"1024\" height=\"769\" src=\"https:\/\/www.esme.fr\/en\/wp-content\/uploads\/ESME_INTERNATIONAL_SUMMER_SCHOOL_CULTURAL_ACTIVITIES-1024x769.jpg\" alt=\"\" class=\"wp-image-4720\" srcset=\"https:\/\/www.esme.fr\/en\/wp-content\/uploads\/ESME_INTERNATIONAL_SUMMER_SCHOOL_CULTURAL_ACTIVITIES-1024x769.jpg 1024w, https:\/\/www.esme.fr\/en\/wp-content\/uploads\/ESME_INTERNATIONAL_SUMMER_SCHOOL_CULTURAL_ACTIVITIES-300x225.jpg 300w, https:\/\/www.esme.fr\/en\/wp-content\/uploads\/ESME_INTERNATIONAL_SUMMER_SCHOOL_CULTURAL_ACTIVITIES-768x577.jpg 768w, https:\/\/www.esme.fr\/en\/wp-content\/uploads\/ESME_INTERNATIONAL_SUMMER_SCHOOL_CULTURAL_ACTIVITIES-1536x1153.jpg 1536w, https:\/\/www.esme.fr\/en\/wp-content\/uploads\/ESME_INTERNATIONAL_SUMMER_SCHOOL_CULTURAL_ACTIVITIES-2048x1538.jpg 2048w, https:\/\/www.esme.fr\/en\/wp-content\/uploads\/ESME_INTERNATIONAL_SUMMER_SCHOOL_CULTURAL_ACTIVITIES-60x45.jpg 60w, https:\/\/www.esme.fr\/en\/wp-content\/uploads\/ESME_INTERNATIONAL_SUMMER_SCHOOL_CULTURAL_ACTIVITIES-120x90.jpg 120w\" sizes=\"auto, (max-width: 1024px) 100vw, 1024px\" \/><\/figure>\n<\/div>\n<\/div>\n\n\n\n<div class=\"wp-block-columns is-layout-flex wp-container-core-columns-is-layout-9d6595d7 wp-block-columns-is-layout-flex\">\n<div class=\"wp-block-column is-layout-flow wp-block-column-is-layout-flow\">\n<figure class=\"wp-block-image size-full\"><img loading=\"lazy\" decoding=\"async\" width=\"924\" height=\"616\" src=\"https:\/\/www.esme.fr\/en\/wp-content\/uploads\/summer-school-esme-epitech-2022-international-informatique-robotique-09.png\" alt=\"Summer School : informatique, robotique et d\u00e9couverte de la France !\" class=\"wp-image-8286\" srcset=\"https:\/\/www.esme.fr\/en\/wp-content\/uploads\/summer-school-esme-epitech-2022-international-informatique-robotique-09.png 924w, https:\/\/www.esme.fr\/en\/wp-content\/uploads\/summer-school-esme-epitech-2022-international-informatique-robotique-09-300x200.png 300w, https:\/\/www.esme.fr\/en\/wp-content\/uploads\/summer-school-esme-epitech-2022-international-informatique-robotique-09-768x512.png 768w, https:\/\/www.esme.fr\/en\/wp-content\/uploads\/summer-school-esme-epitech-2022-international-informatique-robotique-09-68x45.png 68w, https:\/\/www.esme.fr\/en\/wp-content\/uploads\/summer-school-esme-epitech-2022-international-informatique-robotique-09-135x90.png 135w\" sizes=\"auto, (max-width: 924px) 100vw, 924px\" \/><\/figure>\n<\/div>\n\n\n\n<div class=\"wp-block-column is-layout-flow wp-block-column-is-layout-flow\">\n<figure class=\"wp-block-image size-full\"><img loading=\"lazy\" decoding=\"async\" width=\"924\" height=\"924\" src=\"https:\/\/www.esme.fr\/en\/wp-content\/uploads\/summer-school-esme-epitech-2022-international-informatique-robotique-06.png\" alt=\"Summer School : informatique, robotique et d\u00e9couverte de la France !\" class=\"wp-image-8281\" srcset=\"https:\/\/www.esme.fr\/en\/wp-content\/uploads\/summer-school-esme-epitech-2022-international-informatique-robotique-06.png 924w, https:\/\/www.esme.fr\/en\/wp-content\/uploads\/summer-school-esme-epitech-2022-international-informatique-robotique-06-300x300.png 300w, https:\/\/www.esme.fr\/en\/wp-content\/uploads\/summer-school-esme-epitech-2022-international-informatique-robotique-06-768x768.png 768w, https:\/\/www.esme.fr\/en\/wp-content\/uploads\/summer-school-esme-epitech-2022-international-informatique-robotique-06-45x45.png 45w, https:\/\/www.esme.fr\/en\/wp-content\/uploads\/summer-school-esme-epitech-2022-international-informatique-robotique-06-90x90.png 90w\" sizes=\"auto, (max-width: 924px) 100vw, 924px\" \/><\/figure>\n<\/div>\n<\/div>\n\n\n\n<div style=\"height:20px\" aria-hidden=\"true\" class=\"wp-block-spacer\"><\/div>\n\n\n\n<div class=\"pi-row-go-title\">\n    <h2 class=\"esmego\" > \n        RETROUVEZ L\u2019ACTUALIT\u00c9 DE LA FORMATION ING\u00c9NIEURS ET DES BACHELORS EN ING\u00c9NIERIE.    <\/h2> \n<\/div>\n\n<div class=\"pi-row-go\" style=\"border:1px solid\">\n    <div class=\"header-esme\">\n        <div class=\"visuel\"><\/div> \n        <div class=\"show_mobile\"><\/div>\n        <div class=\"container-esmego\">\n            <h2 class=\"esmego-mobile\"> \n                RETROUVEZ L\u2019ACTUALIT\u00c9 DE LA FORMATION ING\u00c9NIEURS ET DES BACHELORS EN ING\u00c9NIERIE.            <\/h2>\n        <\/div>\n                <iframe loading=\"lazy\" src=\"https:\/\/go.esme.fr\/l\/871211\/2020-10-16\/dk4zx6\" type=\"text\/html\" allowtransparency=\"true\" style=\"border: 0\" width=\"48%\" height=\"180\" frameborder=\"0\" class=\"pardot go dn-go \"><\/iframe>\n    <\/div>\n<\/div>\n\n\n<div style=\"height:40px\" aria-hidden=\"true\" class=\"wp-block-spacer\"><\/div>\n\n\n\n<h2 class=\"wp-block-heading\" id=\"h-eligibility\">ELIGIBILITY<\/h2>\n\n\n\n<p><strong>Academic requirements<\/strong>: Existing academic knowledge in science and technology (especially programming) or strong interest for this field.<br><br><strong>Language requirements<\/strong>&nbsp;(our summer program is entirely taught in English):<br>CECRL B2 \u2013 IELTS 5,5 \/ 6<br>TOEFL IBT 65<\/p>\n\n\n\n<h2 class=\"wp-block-heading\" id=\"h-program-fees-2026\">PROGRAM FEES 2026<\/h2>\n\n\n\n<figure class=\"wp-block-table is-style-regular\"><table><tbody><tr><td>3 290 \u20ac (including accommodation, tuition, French language classes, robot equipment, cultural &amp; scientific activities, breakfast &amp; lunch on weekdays, public transport pass)<br><br>2 390 \u20ac &#8211; same program benefits as above, excluding accommodation <\/td><\/tr><tr><td>A special discount applies to students coming from our partner universities.<\/td><\/tr><tr><\/tr><\/tbody><\/table><\/figure>\n\n\n\n<div class=\"wp-block-columns is-layout-flex wp-container-core-columns-is-layout-9d6595d7 wp-block-columns-is-layout-flex\">\n<div class=\"wp-block-column is-layout-flow wp-block-column-is-layout-flow\">\n<div class=\"wp-block-buttons is-layout-flex wp-block-buttons-is-layout-flex\">\n<div class=\"wp-block-button\"><a class=\"wp-block-button__link wp-element-button\" href=\"https:\/\/www.esme.fr\/en\/wp-content\/uploads\/2025-26-esme-x-alliance-francaise-summer-school-non-partners.pdf\" target=\"_blank\" rel=\"noreferrer noopener\">DOWNLOAD FLYER<\/a><\/div>\n<\/div>\n<\/div>\n\n\n\n<div class=\"wp-block-column is-layout-flow wp-block-column-is-layout-flow\">\n<div class=\"wp-block-buttons is-layout-flex wp-block-buttons-is-layout-flex\">\n<div class=\"wp-block-button\"><a class=\"wp-block-button__link wp-element-button\" href=\"https:\/\/summer-schools.fr\/\" target=\"_blank\" rel=\"https:\/\/summer-schools.fr\/ noopener\">OTHER SUMMER SCHOOLS<\/a><\/div>\n<\/div>\n<\/div>\n<\/div>\n\n\n\n<h2 class=\"wp-block-heading\" id=\"h-apply-to-our-summer-school\">Apply to our summer school<\/h2>\n\n\n\n<div class=\"wp-block-columns is-layout-flex wp-container-core-columns-is-layout-9d6595d7 wp-block-columns-is-layout-flex\">\n<div class=\"wp-block-column is-layout-flow wp-block-column-is-layout-flow\">\n<div class=\"wp-block-group is-style-esme-borders-group\"><div class=\"wp-block-group__inner-container is-layout-flow wp-block-group-is-layout-flow\">\n<p><strong>STEP 1<\/strong><br>Please fill out the application form.<\/p>\n\n\n\n<div class=\"wp-block-buttons is-layout-flex wp-block-buttons-is-layout-flex\">\n<div class=\"wp-block-button\"><a class=\"wp-block-button__link wp-element-button\" href=\"https:\/\/forms.cloud.microsoft\/pages\/responsepage.aspx?id=CYTVyTb7Kk-aRfjxCUcHsfFFfhZBT55GgVuIEr7u9tBURjU2OEwwU05GTFJYSU5HV1NLVUFJOUc1OC4u&amp;route=shorturl\" target=\"_blank\" rel=\"noreferrer noopener\">Application form<\/a><\/div>\n<\/div>\n\n\n\n<p>If you encounter technical issues with the online form, please email&nbsp;<a href=\"mailto:international@esme.fr\">international@esme.fr<\/a><\/p>\n<\/div><\/div>\n<\/div>\n\n\n\n<div class=\"wp-block-column is-layout-flow wp-block-column-is-layout-flow\">\n<div class=\"wp-block-group is-style-esme-borders-group\"><div class=\"wp-block-group__inner-container is-layout-flow wp-block-group-is-layout-flow\">\n<p><strong>STEP 2<\/strong><br>After filling the form, please directly submit all application documents to our International Office : &nbsp;<a href=\"mailto:international@esme.fr\">international@esme.fr<\/a><\/p>\n\n\n\n<ul class=\"wp-block-list\">\n<li><strong>A resume\/Curriculum Vitae<\/strong><\/li>\n\n\n\n<li><strong>A copy of your passport<\/strong><\/li>\n\n\n\n<li><strong> Your recent academic transcripts<\/strong><\/li>\n\n\n\n<li><strong>And English test certificate, it can be IELTS\/TOEFL\/TOEIC\/DUOLINGO\u2026 (If you have one, otherwise we will plan a quick online interview).<\/strong><\/li>\n<\/ul>\n<\/div><\/div>\n<\/div>\n<\/div>\n\n\n\n<h3 class=\"has-text-align-left wp-block-heading\" id=\"h-contact\">CONTACT<\/h3>\n\n\n\n<p class=\"has-text-align-left\"><strong>ESME International Office<br><\/strong>34 rue de Fleurus<br>75006 Paris (France)<br><a href=\"mailto:international@esme.fr\">international@esme.fr<\/a><\/p>\n","protected":false},"excerpt":{"rendered":"<p>Every summer, ESME organizes a Summer School in Paris, France. In partnership with Alliance Fran\u00e7aise de Paris, this unique program combines robotics, digital manufacturing, and French language learning in the [&hellip;]<\/p>\n","protected":false},"author":3,"featured_media":2500,"parent":0,"menu_order":0,"comment_status":"closed","ping_status":"closed","template":"","meta":{"_acf_changed":false,"footnotes":""},"class_list":["post-217","page","type-page","status-publish","has-post-thumbnail","hentry"],"acf":[],"featured_image_src":"https:\/\/www.esme.fr\/en\/wp-content\/uploads\/esme_title_bars_programme.jpg","yoast_head":"<!-- This site is optimized with the Yoast SEO Premium plugin v19.7 (Yoast SEO v27.3) - https:\/\/yoast.com\/product\/yoast-seo-premium-wordpress\/ -->\n<title>Summer School in Robotics at ESME Engineering School<\/title>\n<meta name=\"description\" content=\"Immerse yourself in the exciting world of Robots and develop your own,in a specialized engineering school based is Paris!\" \/>\n<meta name=\"robots\" content=\"index, follow, max-snippet:-1, max-image-preview:large, max-video-preview:-1\" \/>\n<link rel=\"canonical\" href=\"https:\/\/www.esme.fr\/en\/summer-school\/\" \/>\n<meta property=\"og:locale\" content=\"en_GB\" \/>\n<meta property=\"og:type\" content=\"article\" \/>\n<meta property=\"og:title\" content=\"Summer School in Robotics at ESME Engineering School\" \/>\n<meta property=\"og:description\" content=\"Immerse yourself in the exciting world of Robots and develop your own,in a specialized engineering school based is Paris!\" \/>\n<meta property=\"og:url\" content=\"https:\/\/www.esme.fr\/en\/summer-school\/\" \/>\n<meta property=\"og:site_name\" content=\"ESME\" \/>\n<meta property=\"article:modified_time\" content=\"2026-02-09T10:15:37+00:00\" \/>\n<meta property=\"og:image\" content=\"https:\/\/www.esme.fr\/en\/wp-content\/uploads\/esme_title_bars_programme.jpg\" \/>\n\t<meta property=\"og:image:width\" content=\"1583\" \/>\n\t<meta property=\"og:image:height\" content=\"749\" \/>\n\t<meta property=\"og:image:type\" content=\"image\/jpeg\" \/>\n<meta name=\"twitter:card\" content=\"summary_large_image\" \/>\n<meta name=\"twitter:title\" content=\"Summer School in Robotics at ESME Engineering School\" \/>\n<meta name=\"twitter:description\" content=\"Immerse yourself in the exciting world of Robots and develop your own,in a specialized engineering school based is Paris!\" \/>\n<meta name=\"twitter:label1\" content=\"Estimated reading time\" \/>\n\t<meta name=\"twitter:data1\" content=\"3 minutes\" \/>\n<script type=\"application\/ld+json\" class=\"yoast-schema-graph\">{\"@context\":\"https:\\\/\\\/schema.org\",\"@graph\":[{\"@type\":\"WebPage\",\"@id\":\"https:\\\/\\\/www.esme.fr\\\/en\\\/summer-school\\\/\",\"url\":\"https:\\\/\\\/www.esme.fr\\\/en\\\/summer-school\\\/\",\"name\":\"Summer School in Robotics at ESME Engineering School\",\"isPartOf\":{\"@id\":\"https:\\\/\\\/www.esme.fr\\\/en\\\/#website\"},\"primaryImageOfPage\":{\"@id\":\"https:\\\/\\\/www.esme.fr\\\/en\\\/summer-school\\\/#primaryimage\"},\"image\":{\"@id\":\"https:\\\/\\\/www.esme.fr\\\/en\\\/summer-school\\\/#primaryimage\"},\"thumbnailUrl\":\"https:\\\/\\\/www.esme.fr\\\/en\\\/wp-content\\\/uploads\\\/esme_title_bars_programme.jpg\",\"datePublished\":\"2021-06-08T12:55:44+00:00\",\"dateModified\":\"2026-02-09T10:15:37+00:00\",\"description\":\"Immerse yourself in the exciting world of Robots and develop your own,in a specialized engineering school based is Paris!\",\"breadcrumb\":{\"@id\":\"https:\\\/\\\/www.esme.fr\\\/en\\\/summer-school\\\/#breadcrumb\"},\"inLanguage\":\"en-GB\",\"potentialAction\":[{\"@type\":\"ReadAction\",\"target\":[\"https:\\\/\\\/www.esme.fr\\\/en\\\/summer-school\\\/\"]}]},{\"@type\":\"ImageObject\",\"inLanguage\":\"en-GB\",\"@id\":\"https:\\\/\\\/www.esme.fr\\\/en\\\/summer-school\\\/#primaryimage\",\"url\":\"https:\\\/\\\/www.esme.fr\\\/en\\\/wp-content\\\/uploads\\\/esme_title_bars_programme.jpg\",\"contentUrl\":\"https:\\\/\\\/www.esme.fr\\\/en\\\/wp-content\\\/uploads\\\/esme_title_bars_programme.jpg\",\"width\":1583,\"height\":749},{\"@type\":\"BreadcrumbList\",\"@id\":\"https:\\\/\\\/www.esme.fr\\\/en\\\/summer-school\\\/#breadcrumb\",\"itemListElement\":[{\"@type\":\"ListItem\",\"position\":1,\"name\":\"Home\",\"item\":\"https:\\\/\\\/10.10.3.27:8443\\\/en\\\/\"},{\"@type\":\"ListItem\",\"position\":2,\"name\":\"Summer School in Robotics\"}]},{\"@type\":\"WebSite\",\"@id\":\"https:\\\/\\\/www.esme.fr\\\/en\\\/#website\",\"url\":\"https:\\\/\\\/www.esme.fr\\\/en\\\/\",\"name\":\"ESME\",\"description\":\"les ing\u00e9nieurs qui transforment le monde\",\"potentialAction\":[{\"@type\":\"SearchAction\",\"target\":{\"@type\":\"EntryPoint\",\"urlTemplate\":\"https:\\\/\\\/www.esme.fr\\\/en\\\/?s={search_term_string}\"},\"query-input\":{\"@type\":\"PropertyValueSpecification\",\"valueRequired\":true,\"valueName\":\"search_term_string\"}}],\"inLanguage\":\"en-GB\"}]}<\/script>\n<!-- \/ Yoast SEO Premium plugin. -->","yoast_head_json":{"title":"Summer School in Robotics at ESME Engineering School","description":"Immerse yourself in the exciting world of Robots and develop your own,in a specialized engineering school based is Paris!","robots":{"index":"index","follow":"follow","max-snippet":"max-snippet:-1","max-image-preview":"max-image-preview:large","max-video-preview":"max-video-preview:-1"},"canonical":"https:\/\/www.esme.fr\/en\/summer-school\/","og_locale":"en_GB","og_type":"article","og_title":"Summer School in Robotics at ESME Engineering School","og_description":"Immerse yourself in the exciting world of Robots and develop your own,in a specialized engineering school based is Paris!","og_url":"https:\/\/www.esme.fr\/en\/summer-school\/","og_site_name":"ESME","article_modified_time":"2026-02-09T10:15:37+00:00","og_image":[{"width":1583,"height":749,"url":"https:\/\/www.esme.fr\/en\/wp-content\/uploads\/esme_title_bars_programme.jpg","type":"image\/jpeg"}],"twitter_card":"summary_large_image","twitter_title":"Summer School in Robotics at ESME Engineering School","twitter_description":"Immerse yourself in the exciting world of Robots and develop your own,in a specialized engineering school based is Paris!","twitter_misc":{"Estimated reading time":"3 minutes"},"schema":{"@context":"https:\/\/schema.org","@graph":[{"@type":"WebPage","@id":"https:\/\/www.esme.fr\/en\/summer-school\/","url":"https:\/\/www.esme.fr\/en\/summer-school\/","name":"Summer School in Robotics at ESME Engineering School","isPartOf":{"@id":"https:\/\/www.esme.fr\/en\/#website"},"primaryImageOfPage":{"@id":"https:\/\/www.esme.fr\/en\/summer-school\/#primaryimage"},"image":{"@id":"https:\/\/www.esme.fr\/en\/summer-school\/#primaryimage"},"thumbnailUrl":"https:\/\/www.esme.fr\/en\/wp-content\/uploads\/esme_title_bars_programme.jpg","datePublished":"2021-06-08T12:55:44+00:00","dateModified":"2026-02-09T10:15:37+00:00","description":"Immerse yourself in the exciting world of Robots and develop your own,in a specialized engineering school based is Paris!","breadcrumb":{"@id":"https:\/\/www.esme.fr\/en\/summer-school\/#breadcrumb"},"inLanguage":"en-GB","potentialAction":[{"@type":"ReadAction","target":["https:\/\/www.esme.fr\/en\/summer-school\/"]}]},{"@type":"ImageObject","inLanguage":"en-GB","@id":"https:\/\/www.esme.fr\/en\/summer-school\/#primaryimage","url":"https:\/\/www.esme.fr\/en\/wp-content\/uploads\/esme_title_bars_programme.jpg","contentUrl":"https:\/\/www.esme.fr\/en\/wp-content\/uploads\/esme_title_bars_programme.jpg","width":1583,"height":749},{"@type":"BreadcrumbList","@id":"https:\/\/www.esme.fr\/en\/summer-school\/#breadcrumb","itemListElement":[{"@type":"ListItem","position":1,"name":"Home","item":"https:\/\/10.10.3.27:8443\/en\/"},{"@type":"ListItem","position":2,"name":"Summer School in Robotics"}]},{"@type":"WebSite","@id":"https:\/\/www.esme.fr\/en\/#website","url":"https:\/\/www.esme.fr\/en\/","name":"ESME","description":"les ing\u00e9nieurs qui transforment le monde","potentialAction":[{"@type":"SearchAction","target":{"@type":"EntryPoint","urlTemplate":"https:\/\/www.esme.fr\/en\/?s={search_term_string}"},"query-input":{"@type":"PropertyValueSpecification","valueRequired":true,"valueName":"search_term_string"}}],"inLanguage":"en-GB"}]}},"_links":{"self":[{"href":"https:\/\/www.esme.fr\/en\/wp-json\/wp\/v2\/pages\/217","targetHints":{"allow":["GET"]}}],"collection":[{"href":"https:\/\/www.esme.fr\/en\/wp-json\/wp\/v2\/pages"}],"about":[{"href":"https:\/\/www.esme.fr\/en\/wp-json\/wp\/v2\/types\/page"}],"author":[{"embeddable":true,"href":"https:\/\/www.esme.fr\/en\/wp-json\/wp\/v2\/users\/3"}],"replies":[{"embeddable":true,"href":"https:\/\/www.esme.fr\/en\/wp-json\/wp\/v2\/comments?post=217"}],"version-history":[{"count":34,"href":"https:\/\/www.esme.fr\/en\/wp-json\/wp\/v2\/pages\/217\/revisions"}],"predecessor-version":[{"id":13663,"href":"https:\/\/www.esme.fr\/en\/wp-json\/wp\/v2\/pages\/217\/revisions\/13663"}],"wp:featuredmedia":[{"embeddable":true,"href":"https:\/\/www.esme.fr\/en\/wp-json\/wp\/v2\/media\/2500"}],"wp:attachment":[{"href":"https:\/\/www.esme.fr\/en\/wp-json\/wp\/v2\/media?parent=217"}],"curies":[{"name":"wp","href":"https:\/\/api.w.org\/{rel}","templated":true}]}}