{"id":2886,"date":"2022-04-13T08:27:09","date_gmt":"2022-04-13T08:27:09","guid":{"rendered":"https:\/\/esme-web.dev.ionis.io\/?page_id=2886"},"modified":"2023-09-21T07:57:22","modified_gmt":"2023-09-21T07:57:22","slug":"download-documentation-3","status":"publish","type":"page","link":"https:\/\/www.esme.fr\/en\/download-documentation-3\/","title":{"rendered":"ASK for documentation"},"content":{"rendered":"\n<p>Fill-up the following form to download our brochures or to request documentation :<\/p>\n\n\n\n<div class=\"pi-row-go-title\">\n    <h2 class=\"esmego\" > \n        RETROUVEZ L\u2019ACTUALIT\u00c9 DE LA FORMATION ING\u00c9NIEURS ET DES BACHELORS EN ING\u00c9NIERIE.    <\/h2> \n<\/div>\n\n<div class=\"pi-row-go\" style=\"border:1px solid\">\n    <div class=\"header-esme\">\n        <div class=\"visuel\"><\/div> \n        <div class=\"show_mobile\"><\/div>\n        <div class=\"container-esmego\">\n            <h2 class=\"esmego-mobile\"> \n                RETROUVEZ L\u2019ACTUALIT\u00c9 DE LA FORMATION ING\u00c9NIEURS ET DES BACHELORS EN ING\u00c9NIERIE.            <\/h2>\n        <\/div>\n                <iframe loading=\"lazy\" src=\"https:\/\/go.esme.fr\/l\/871211\/2020-10-16\/dk4zx6\" type=\"text\/html\" allowtransparency=\"true\" style=\"border: 0\" width=\"48%\" height=\"180\" frameborder=\"0\" class=\"pardot go dn-go \"><\/iframe>\n    <\/div>\n<\/div>\n\n\n<p><strong>Thank your for your interest.<\/strong><\/p>\n\n\n\n<p>You can now download our brochures in PDF format :<\/p>\n","protected":false},"excerpt":{"rendered":"<p>Fill-up the following form to download our brochures or to request documentation : Thank your for your interest. You can now download our brochures in PDF format :<\/p>\n","protected":false},"author":4,"featured_media":0,"parent":0,"menu_order":0,"comment_status":"closed","ping_status":"closed","template":"","meta":{"_acf_changed":false,"footnotes":""},"class_list":["post-2886","page","type-page","status-publish","hentry"],"acf":[],"featured_image_src":null,"yoast_head":"<!-- This site is optimized with the Yoast SEO Premium plugin v19.7 (Yoast SEO v27.3) - https:\/\/yoast.com\/product\/yoast-seo-premium-wordpress\/ -->\n<title>Documentation - ESME Engineering School<\/title>\n<meta name=\"description\" content=\"Fill-up the following form to download our brochures or to request documentation about ESME Engineering School.\" \/>\n<meta name=\"robots\" content=\"index, follow, max-snippet:-1, max-image-preview:large, max-video-preview:-1\" \/>\n<link rel=\"canonical\" href=\"https:\/\/www.esme.fr\/en\/download-documentation-3\/\" \/>\n<meta property=\"og:locale\" content=\"en_GB\" \/>\n<meta property=\"og:type\" content=\"article\" \/>\n<meta property=\"og:title\" content=\"Documentation - ESME Engineering School\" \/>\n<meta property=\"og:description\" content=\"Fill-up the following form to download our brochures or to request documentation about ESME Engineering School.\" \/>\n<meta property=\"og:url\" content=\"https:\/\/www.esme.fr\/en\/download-documentation-3\/\" \/>\n<meta property=\"og:site_name\" content=\"ESME\" \/>\n<meta property=\"article:modified_time\" content=\"2023-09-21T07:57:22+00:00\" \/>\n<meta property=\"og:image\" content=\"https:\/\/www.esme.fr\/en\/wp-content\/uploads\/esme-ecole-ingenieur-fbk.jpg\" \/>\n\t<meta property=\"og:image:width\" content=\"1200\" \/>\n\t<meta property=\"og:image:height\" content=\"630\" \/>\n\t<meta property=\"og:image:type\" content=\"image\/jpeg\" \/>\n<meta name=\"twitter:card\" content=\"summary_large_image\" \/>\n<meta name=\"twitter:title\" content=\"Documentation - ESME Engineering School\" \/>\n<meta name=\"twitter:description\" content=\"Fill-up the following form to download our brochures or to request documentation about ESME Engineering School.\" \/>\n<meta name=\"twitter:label1\" content=\"Estimated reading time\" \/>\n\t<meta name=\"twitter:data1\" content=\"1 minute\" \/>\n<script type=\"application\/ld+json\" class=\"yoast-schema-graph\">{\"@context\":\"https:\\\/\\\/schema.org\",\"@graph\":[{\"@type\":\"WebPage\",\"@id\":\"https:\\\/\\\/www.esme.fr\\\/en\\\/download-documentation-3\\\/\",\"url\":\"https:\\\/\\\/www.esme.fr\\\/en\\\/download-documentation-3\\\/\",\"name\":\"Documentation - ESME Engineering School\",\"isPartOf\":{\"@id\":\"https:\\\/\\\/www.esme.fr\\\/en\\\/#website\"},\"datePublished\":\"2022-04-13T08:27:09+00:00\",\"dateModified\":\"2023-09-21T07:57:22+00:00\",\"description\":\"Fill-up the following form to download our brochures or to request documentation about ESME Engineering School.\",\"breadcrumb\":{\"@id\":\"https:\\\/\\\/www.esme.fr\\\/en\\\/download-documentation-3\\\/#breadcrumb\"},\"inLanguage\":\"en-GB\",\"potentialAction\":[{\"@type\":\"ReadAction\",\"target\":[\"https:\\\/\\\/www.esme.fr\\\/en\\\/download-documentation-3\\\/\"]}]},{\"@type\":\"BreadcrumbList\",\"@id\":\"https:\\\/\\\/www.esme.fr\\\/en\\\/download-documentation-3\\\/#breadcrumb\",\"itemListElement\":[{\"@type\":\"ListItem\",\"position\":1,\"name\":\"Home\",\"item\":\"https:\\\/\\\/10.10.3.27:8443\\\/en\\\/\"},{\"@type\":\"ListItem\",\"position\":2,\"name\":\"ASK for documentation\"}]},{\"@type\":\"WebSite\",\"@id\":\"https:\\\/\\\/www.esme.fr\\\/en\\\/#website\",\"url\":\"https:\\\/\\\/www.esme.fr\\\/en\\\/\",\"name\":\"ESME\",\"description\":\"les ing\u00e9nieurs qui transforment le monde\",\"potentialAction\":[{\"@type\":\"SearchAction\",\"target\":{\"@type\":\"EntryPoint\",\"urlTemplate\":\"https:\\\/\\\/www.esme.fr\\\/en\\\/?s={search_term_string}\"},\"query-input\":{\"@type\":\"PropertyValueSpecification\",\"valueRequired\":true,\"valueName\":\"search_term_string\"}}],\"inLanguage\":\"en-GB\"}]}<\/script>\n<!-- \/ Yoast SEO Premium plugin. -->","yoast_head_json":{"title":"Documentation - ESME Engineering School","description":"Fill-up the following form to download our brochures or to request documentation about ESME Engineering School.","robots":{"index":"index","follow":"follow","max-snippet":"max-snippet:-1","max-image-preview":"max-image-preview:large","max-video-preview":"max-video-preview:-1"},"canonical":"https:\/\/www.esme.fr\/en\/download-documentation-3\/","og_locale":"en_GB","og_type":"article","og_title":"Documentation - ESME Engineering School","og_description":"Fill-up the following form to download our brochures or to request documentation about ESME Engineering School.","og_url":"https:\/\/www.esme.fr\/en\/download-documentation-3\/","og_site_name":"ESME","article_modified_time":"2023-09-21T07:57:22+00:00","og_image":[{"width":1200,"height":630,"url":"https:\/\/www.esme.fr\/en\/wp-content\/uploads\/esme-ecole-ingenieur-fbk.jpg","type":"image\/jpeg"}],"twitter_card":"summary_large_image","twitter_title":"Documentation - ESME Engineering School","twitter_description":"Fill-up the following form to download our brochures or to request documentation about ESME Engineering School.","twitter_misc":{"Estimated reading time":"1 minute"},"schema":{"@context":"https:\/\/schema.org","@graph":[{"@type":"WebPage","@id":"https:\/\/www.esme.fr\/en\/download-documentation-3\/","url":"https:\/\/www.esme.fr\/en\/download-documentation-3\/","name":"Documentation - ESME Engineering School","isPartOf":{"@id":"https:\/\/www.esme.fr\/en\/#website"},"datePublished":"2022-04-13T08:27:09+00:00","dateModified":"2023-09-21T07:57:22+00:00","description":"Fill-up the following form to download our brochures or to request documentation about ESME Engineering School.","breadcrumb":{"@id":"https:\/\/www.esme.fr\/en\/download-documentation-3\/#breadcrumb"},"inLanguage":"en-GB","potentialAction":[{"@type":"ReadAction","target":["https:\/\/www.esme.fr\/en\/download-documentation-3\/"]}]},{"@type":"BreadcrumbList","@id":"https:\/\/www.esme.fr\/en\/download-documentation-3\/#breadcrumb","itemListElement":[{"@type":"ListItem","position":1,"name":"Home","item":"https:\/\/10.10.3.27:8443\/en\/"},{"@type":"ListItem","position":2,"name":"ASK for documentation"}]},{"@type":"WebSite","@id":"https:\/\/www.esme.fr\/en\/#website","url":"https:\/\/www.esme.fr\/en\/","name":"ESME","description":"les ing\u00e9nieurs qui transforment le monde","potentialAction":[{"@type":"SearchAction","target":{"@type":"EntryPoint","urlTemplate":"https:\/\/www.esme.fr\/en\/?s={search_term_string}"},"query-input":{"@type":"PropertyValueSpecification","valueRequired":true,"valueName":"search_term_string"}}],"inLanguage":"en-GB"}]}},"_links":{"self":[{"href":"https:\/\/www.esme.fr\/en\/wp-json\/wp\/v2\/pages\/2886","targetHints":{"allow":["GET"]}}],"collection":[{"href":"https:\/\/www.esme.fr\/en\/wp-json\/wp\/v2\/pages"}],"about":[{"href":"https:\/\/www.esme.fr\/en\/wp-json\/wp\/v2\/types\/page"}],"author":[{"embeddable":true,"href":"https:\/\/www.esme.fr\/en\/wp-json\/wp\/v2\/users\/4"}],"replies":[{"embeddable":true,"href":"https:\/\/www.esme.fr\/en\/wp-json\/wp\/v2\/comments?post=2886"}],"version-history":[{"count":12,"href":"https:\/\/www.esme.fr\/en\/wp-json\/wp\/v2\/pages\/2886\/revisions"}],"predecessor-version":[{"id":7890,"href":"https:\/\/www.esme.fr\/en\/wp-json\/wp\/v2\/pages\/2886\/revisions\/7890"}],"wp:attachment":[{"href":"https:\/\/www.esme.fr\/en\/wp-json\/wp\/v2\/media?parent=2886"}],"curies":[{"name":"wp","href":"https:\/\/api.w.org\/{rel}","templated":true}]}}