{"id":364,"date":"2021-06-08T14:15:57","date_gmt":"2021-06-08T14:15:57","guid":{"rendered":"http:\/\/esme.local\/?page_id=364"},"modified":"2025-01-13T15:21:42","modified_gmt":"2025-01-13T15:21:42","slug":"testimonies","status":"publish","type":"page","link":"https:\/\/www.esme.fr\/en\/testimonies\/","title":{"rendered":"Testimonials"},"content":{"rendered":"\n<div class=\"wp-block-columns is-layout-flex wp-container-core-columns-is-layout-9d6595d7 wp-block-columns-is-layout-flex\">\n<div class=\"wp-block-column is-layout-flow wp-block-column-is-layout-flow\">\n<blockquote class=\"wp-block-quote is-layout-flow wp-block-quote-is-layout-flow\">\n<p>Studying in France will forever remain in my memory as one of the best events that happened in my life. Students and university staff gave us a warm welcome and helped us to get used to our environment very quickly.<\/p>\n\n\n\n<p>From the side of study, ESME helped me to open computer science not only from the side of programming that I study in Korea, but also from the side of engineering. All our teachers are professionals in their teaching field. All of them can very well and intelligibly explain the new materials that we pass in class. All our\u202fteachers were able to answer questions that interested me even apart from the lesson time, which I really appreciate.<\/p>\n\n\n\n<p>Also, the university held several conferences on very interesting topics by inviting specialists from different countries.<br>We should also note the international office which will provide the necessary support at any time and always fulfill your request.<\/p>\n\n\n\n<p>Thanks ESME for such a nice experience&nbsp;!<\/p>\n<cite><strong>DINA \/ FALL SEMESTER 2018<\/strong><br>EXCHANGE STUDENT AT ESME<br>SEJONG UNIVERSITY (SOUTH KOREA)<\/cite><\/blockquote>\n<\/div>\n\n\n\n<div class=\"wp-block-column is-layout-flow wp-block-column-is-layout-flow\">\n<blockquote class=\"wp-block-quote is-layout-flow wp-block-quote-is-layout-flow\">\n<p>As an exchange student at ESME, I had the chance to follow interesting classes taught by skillful teachers especially in IoT and Smartcities.<\/p>\n\n\n\n<p>When I arrived in France, I did not speak a word of French but thanks to French classes taught at ESME, I am know able to have a basic conversation in French&nbsp;!<\/p>\n\n\n\n<p>Merci l&#8217;ESME&nbsp;!<\/p>\n<cite><strong>GABRIEL \/ SPRING &amp; FALL SEMESTER 2018<\/strong><br>EXCHANGE STUDENT AT ESME<br>MAU\u00c0 INSTITUTE OF TECHNOLOGY (BRAZIL)<\/cite><\/blockquote>\n\n\n\n<figure class=\"wp-block-image size-large\"><img loading=\"lazy\" decoding=\"async\" width=\"230\" height=\"230\" src=\"https:\/\/www.esme.fr\/wp-content\/uploads\/2021\/06\/ESME_INTERNATIONAL_TESTIMONIE_GABRIEL.jpg\" alt=\"\" class=\"wp-image-1597\" srcset=\"https:\/\/www.esme.fr\/en\/wp-content\/uploads\/2021\/06\/ESME_INTERNATIONAL_TESTIMONIE_GABRIEL.jpg 230w, https:\/\/www.esme.fr\/en\/wp-content\/uploads\/2021\/06\/ESME_INTERNATIONAL_TESTIMONIE_GABRIEL-150x150.jpg 150w, https:\/\/www.esme.fr\/en\/wp-content\/uploads\/2021\/06\/ESME_INTERNATIONAL_TESTIMONIE_GABRIEL-45x45.jpg 45w, https:\/\/www.esme.fr\/en\/wp-content\/uploads\/2021\/06\/ESME_INTERNATIONAL_TESTIMONIE_GABRIEL-90x90.jpg 90w\" sizes=\"auto, (max-width: 230px) 100vw, 230px\" \/><\/figure>\n<\/div>\n<\/div>\n\n\n<div class=\"wp-block-image\">\n<figure class=\"aligncenter size-full is-resized\"><img loading=\"lazy\" decoding=\"async\" src=\"https:\/\/www.esme.fr\/wp-content\/uploads\/conference-marc-halevy-innovation-week-esme-etudiants-monde-paradigme-05.jpg\" alt=\"Les cl\u00e9s du monde d\u2019apr\u00e8s par Marc Hal\u00e9vy, invit\u00e9 de l\u2019Innovation Week 2022 de l\u2019ESME\" class=\"wp-image-6439\" width=\"295\" height=\"140\" srcset=\"https:\/\/www.esme.fr\/en\/wp-content\/uploads\/conference-marc-halevy-innovation-week-esme-etudiants-monde-paradigme-05.jpg 926w, https:\/\/www.esme.fr\/en\/wp-content\/uploads\/conference-marc-halevy-innovation-week-esme-etudiants-monde-paradigme-05-300x143.jpg 300w, https:\/\/www.esme.fr\/en\/wp-content\/uploads\/conference-marc-halevy-innovation-week-esme-etudiants-monde-paradigme-05-768x365.jpg 768w, https:\/\/www.esme.fr\/en\/wp-content\/uploads\/conference-marc-halevy-innovation-week-esme-etudiants-monde-paradigme-05-95x45.jpg 95w, https:\/\/www.esme.fr\/en\/wp-content\/uploads\/conference-marc-halevy-innovation-week-esme-etudiants-monde-paradigme-05-189x90.jpg 189w\" sizes=\"auto, (max-width: 295px) 100vw, 295px\" \/><\/figure><\/div>","protected":false},"excerpt":{"rendered":"<p>Studying in France will forever remain in my memory as one of the best events that happened in my life. Students and university staff gave us a warm welcome and [&hellip;]<\/p>\n","protected":false},"author":3,"featured_media":0,"parent":0,"menu_order":0,"comment_status":"closed","ping_status":"closed","template":"","meta":{"_acf_changed":false,"footnotes":""},"class_list":["post-364","page","type-page","status-publish","hentry"],"acf":[],"featured_image_src":null,"yoast_head":"<!-- This site is optimized with the Yoast SEO Premium plugin v19.7 (Yoast SEO v27.3) - https:\/\/yoast.com\/product\/yoast-seo-premium-wordpress\/ -->\n<title>Testimonies of students at ESME engineering school in Paris<\/title>\n<meta name=\"description\" content=\"Lean more about ESME through the testimonies of our french and international students and alumnis, and discover how ESME makes a difference!\" \/>\n<meta name=\"robots\" content=\"index, follow, max-snippet:-1, max-image-preview:large, max-video-preview:-1\" \/>\n<link rel=\"canonical\" href=\"https:\/\/www.esme.fr\/en\/testimonies\/\" \/>\n<meta property=\"og:locale\" content=\"en_GB\" \/>\n<meta property=\"og:type\" content=\"article\" \/>\n<meta property=\"og:title\" content=\"Testimonies of students at ESME engineering school in Paris\" \/>\n<meta property=\"og:description\" content=\"Lean more about ESME through the testimonies of our french and international students and alumnis, and discover how ESME makes a difference!\" \/>\n<meta property=\"og:url\" content=\"https:\/\/www.esme.fr\/en\/testimonies\/\" \/>\n<meta property=\"og:site_name\" content=\"ESME\" \/>\n<meta property=\"article:modified_time\" content=\"2025-01-13T15:21:42+00:00\" \/>\n<meta property=\"og:image\" content=\"https:\/\/www.esme.fr\/en\/wp-content\/uploads\/esme-ecole-ingenieur-fbk.jpg\" \/>\n\t<meta property=\"og:image:width\" content=\"1200\" \/>\n\t<meta property=\"og:image:height\" content=\"630\" \/>\n\t<meta property=\"og:image:type\" content=\"image\/jpeg\" \/>\n<meta name=\"twitter:card\" content=\"summary_large_image\" \/>\n<meta name=\"twitter:title\" content=\"Testimonies of students at ESME engineering school in Paris\" \/>\n<meta name=\"twitter:description\" content=\"Lean more about ESME through the testimonies of our french and international students and alumnis, and discover how ESME makes a difference!\" \/>\n<meta name=\"twitter:label1\" content=\"Estimated reading time\" \/>\n\t<meta name=\"twitter:data1\" content=\"2 minutes\" \/>\n<script type=\"application\/ld+json\" class=\"yoast-schema-graph\">{\"@context\":\"https:\\\/\\\/schema.org\",\"@graph\":[{\"@type\":\"WebPage\",\"@id\":\"https:\\\/\\\/www.esme.fr\\\/en\\\/testimonies\\\/\",\"url\":\"https:\\\/\\\/www.esme.fr\\\/en\\\/testimonies\\\/\",\"name\":\"Testimonies of students at ESME engineering school in Paris\",\"isPartOf\":{\"@id\":\"https:\\\/\\\/www.esme.fr\\\/en\\\/#website\"},\"primaryImageOfPage\":{\"@id\":\"https:\\\/\\\/www.esme.fr\\\/en\\\/testimonies\\\/#primaryimage\"},\"image\":{\"@id\":\"https:\\\/\\\/www.esme.fr\\\/en\\\/testimonies\\\/#primaryimage\"},\"thumbnailUrl\":\"https:\\\/\\\/www.esme.fr\\\/wp-content\\\/uploads\\\/2021\\\/06\\\/ESME_INTERNATIONAL_TESTIMONIE_GABRIEL.jpg\",\"datePublished\":\"2021-06-08T14:15:57+00:00\",\"dateModified\":\"2025-01-13T15:21:42+00:00\",\"description\":\"Lean more about ESME through the testimonies of our french and international students and alumnis, and discover how ESME makes a difference!\",\"breadcrumb\":{\"@id\":\"https:\\\/\\\/www.esme.fr\\\/en\\\/testimonies\\\/#breadcrumb\"},\"inLanguage\":\"en-GB\",\"potentialAction\":[{\"@type\":\"ReadAction\",\"target\":[\"https:\\\/\\\/www.esme.fr\\\/en\\\/testimonies\\\/\"]}]},{\"@type\":\"ImageObject\",\"inLanguage\":\"en-GB\",\"@id\":\"https:\\\/\\\/www.esme.fr\\\/en\\\/testimonies\\\/#primaryimage\",\"url\":\"https:\\\/\\\/www.esme.fr\\\/wp-content\\\/uploads\\\/2021\\\/06\\\/ESME_INTERNATIONAL_TESTIMONIE_GABRIEL.jpg\",\"contentUrl\":\"https:\\\/\\\/www.esme.fr\\\/wp-content\\\/uploads\\\/2021\\\/06\\\/ESME_INTERNATIONAL_TESTIMONIE_GABRIEL.jpg\"},{\"@type\":\"BreadcrumbList\",\"@id\":\"https:\\\/\\\/www.esme.fr\\\/en\\\/testimonies\\\/#breadcrumb\",\"itemListElement\":[{\"@type\":\"ListItem\",\"position\":1,\"name\":\"Home\",\"item\":\"https:\\\/\\\/10.10.3.27:8443\\\/en\\\/\"},{\"@type\":\"ListItem\",\"position\":2,\"name\":\"Testimonials\"}]},{\"@type\":\"WebSite\",\"@id\":\"https:\\\/\\\/www.esme.fr\\\/en\\\/#website\",\"url\":\"https:\\\/\\\/www.esme.fr\\\/en\\\/\",\"name\":\"ESME\",\"description\":\"les ing\u00e9nieurs qui transforment le monde\",\"potentialAction\":[{\"@type\":\"SearchAction\",\"target\":{\"@type\":\"EntryPoint\",\"urlTemplate\":\"https:\\\/\\\/www.esme.fr\\\/en\\\/?s={search_term_string}\"},\"query-input\":{\"@type\":\"PropertyValueSpecification\",\"valueRequired\":true,\"valueName\":\"search_term_string\"}}],\"inLanguage\":\"en-GB\"}]}<\/script>\n<!-- \/ Yoast SEO Premium plugin. -->","yoast_head_json":{"title":"Testimonies of students at ESME engineering school in Paris","description":"Lean more about ESME through the testimonies of our french and international students and alumnis, and discover how ESME makes a difference!","robots":{"index":"index","follow":"follow","max-snippet":"max-snippet:-1","max-image-preview":"max-image-preview:large","max-video-preview":"max-video-preview:-1"},"canonical":"https:\/\/www.esme.fr\/en\/testimonies\/","og_locale":"en_GB","og_type":"article","og_title":"Testimonies of students at ESME engineering school in Paris","og_description":"Lean more about ESME through the testimonies of our french and international students and alumnis, and discover how ESME makes a difference!","og_url":"https:\/\/www.esme.fr\/en\/testimonies\/","og_site_name":"ESME","article_modified_time":"2025-01-13T15:21:42+00:00","og_image":[{"width":1200,"height":630,"url":"https:\/\/www.esme.fr\/en\/wp-content\/uploads\/esme-ecole-ingenieur-fbk.jpg","type":"image\/jpeg"}],"twitter_card":"summary_large_image","twitter_title":"Testimonies of students at ESME engineering school in Paris","twitter_description":"Lean more about ESME through the testimonies of our french and international students and alumnis, and discover how ESME makes a difference!","twitter_misc":{"Estimated reading time":"2 minutes"},"schema":{"@context":"https:\/\/schema.org","@graph":[{"@type":"WebPage","@id":"https:\/\/www.esme.fr\/en\/testimonies\/","url":"https:\/\/www.esme.fr\/en\/testimonies\/","name":"Testimonies of students at ESME engineering school in Paris","isPartOf":{"@id":"https:\/\/www.esme.fr\/en\/#website"},"primaryImageOfPage":{"@id":"https:\/\/www.esme.fr\/en\/testimonies\/#primaryimage"},"image":{"@id":"https:\/\/www.esme.fr\/en\/testimonies\/#primaryimage"},"thumbnailUrl":"https:\/\/www.esme.fr\/wp-content\/uploads\/2021\/06\/ESME_INTERNATIONAL_TESTIMONIE_GABRIEL.jpg","datePublished":"2021-06-08T14:15:57+00:00","dateModified":"2025-01-13T15:21:42+00:00","description":"Lean more about ESME through the testimonies of our french and international students and alumnis, and discover how ESME makes a difference!","breadcrumb":{"@id":"https:\/\/www.esme.fr\/en\/testimonies\/#breadcrumb"},"inLanguage":"en-GB","potentialAction":[{"@type":"ReadAction","target":["https:\/\/www.esme.fr\/en\/testimonies\/"]}]},{"@type":"ImageObject","inLanguage":"en-GB","@id":"https:\/\/www.esme.fr\/en\/testimonies\/#primaryimage","url":"https:\/\/www.esme.fr\/wp-content\/uploads\/2021\/06\/ESME_INTERNATIONAL_TESTIMONIE_GABRIEL.jpg","contentUrl":"https:\/\/www.esme.fr\/wp-content\/uploads\/2021\/06\/ESME_INTERNATIONAL_TESTIMONIE_GABRIEL.jpg"},{"@type":"BreadcrumbList","@id":"https:\/\/www.esme.fr\/en\/testimonies\/#breadcrumb","itemListElement":[{"@type":"ListItem","position":1,"name":"Home","item":"https:\/\/10.10.3.27:8443\/en\/"},{"@type":"ListItem","position":2,"name":"Testimonials"}]},{"@type":"WebSite","@id":"https:\/\/www.esme.fr\/en\/#website","url":"https:\/\/www.esme.fr\/en\/","name":"ESME","description":"les ing\u00e9nieurs qui transforment le monde","potentialAction":[{"@type":"SearchAction","target":{"@type":"EntryPoint","urlTemplate":"https:\/\/www.esme.fr\/en\/?s={search_term_string}"},"query-input":{"@type":"PropertyValueSpecification","valueRequired":true,"valueName":"search_term_string"}}],"inLanguage":"en-GB"}]}},"_links":{"self":[{"href":"https:\/\/www.esme.fr\/en\/wp-json\/wp\/v2\/pages\/364","targetHints":{"allow":["GET"]}}],"collection":[{"href":"https:\/\/www.esme.fr\/en\/wp-json\/wp\/v2\/pages"}],"about":[{"href":"https:\/\/www.esme.fr\/en\/wp-json\/wp\/v2\/types\/page"}],"author":[{"embeddable":true,"href":"https:\/\/www.esme.fr\/en\/wp-json\/wp\/v2\/users\/3"}],"replies":[{"embeddable":true,"href":"https:\/\/www.esme.fr\/en\/wp-json\/wp\/v2\/comments?post=364"}],"version-history":[{"count":10,"href":"https:\/\/www.esme.fr\/en\/wp-json\/wp\/v2\/pages\/364\/revisions"}],"predecessor-version":[{"id":13568,"href":"https:\/\/www.esme.fr\/en\/wp-json\/wp\/v2\/pages\/364\/revisions\/13568"}],"wp:attachment":[{"href":"https:\/\/www.esme.fr\/en\/wp-json\/wp\/v2\/media?parent=364"}],"curies":[{"name":"wp","href":"https:\/\/api.w.org\/{rel}","templated":true}]}}