{"id":370,"date":"2021-06-08T14:10:49","date_gmt":"2021-06-08T14:10:49","guid":{"rendered":"http:\/\/esme.local\/?page_id=370"},"modified":"2025-03-10T16:09:35","modified_gmt":"2025-03-10T16:09:35","slug":"apply","status":"publish","type":"page","link":"https:\/\/www.esme.fr\/en\/apply\/","title":{"rendered":"Apply to our programs"},"content":{"rendered":"\n<p>In order to apply to our programs, we will need to know more about your student situation, in what language you would like to attend your future classes, and from where your diplomas has been issued. Therefore, we need to get in contact with you !<\/p>\n\n\n\n<p>In order to do so, please follow the steps below.<\/p>\n\n\n\n<h2 class=\"wp-block-heading\" id=\"h-application-guidelines\">APPLICATION GUIDELINES <\/h2>\n\n\n\n<div style=\"height:24px\" aria-hidden=\"true\" class=\"wp-block-spacer\"><\/div>\n\n\n\n<h3 class=\"wp-block-heading\" id=\"h-for-degree-seeking-students\">FOR DEGREE SEEKING STUDENTS<\/h3>\n\n\n\n<h2 class=\"wp-block-heading\" id=\"h-requirements-to-apply-to-our-programs\">REQUIREMENTS TO APPLY&nbsp;TO OUR PROGRAMS<\/h2>\n\n\n\n<p>Students holding an high school diploma undergraduate degree recognized in France and having a good command of the language of instruction (B2 level or equivalent required) can directly apply to ESME International Graduate programmes. Specific requirements apply for each Master\u2019s programme, please see relevant program characteristics<\/p>\n\n\n\n<h3 class=\"wp-block-heading\" id=\"h-step-1\">STEP 1<\/h3>\n\n\n\n<p><strong>Fill out the following online form.<\/strong><\/p>\n\n\n\n<div class=\"wp-block-buttons is-horizontal is-content-justification-left is-layout-flex wp-container-core-buttons-is-layout-7e5fce0a wp-block-buttons-is-layout-flex\">\n<div class=\"wp-block-button\"><a class=\"wp-block-button__link wp-element-button\" href=\"https:\/\/www.esme.fr\/en\/admission-engineering-school\/international-students\/\" target=\"_blank\" rel=\"noreferrer noopener\">Click here to apply <\/a><\/div>\n<\/div>\n\n\n\n<h3 class=\"wp-block-heading\" id=\"h-step-2\"> STEP 2 <\/h3>\n\n\n\n<p><strong><br>To apply to pour programs, you will have to upload the following documents&nbsp;:<\/strong><\/p>\n\n\n\n<ul class=\"wp-block-list\">\n<li>Copy of your passport or European ID (pdf)<\/li>\n\n\n\n<li>Resume in French or English (pdf)<\/li>\n\n\n\n<li>Cover Letter in French or English (pdf)<\/li>\n\n\n\n<li>Transcripts from 1st year to date, in French or English (pdf)<\/li>\n\n\n\n<li>Copy of your diploma\/degree, translated in French or English (High School, Bachelor or Master) (pdf)<\/li>\n\n\n\n<li>Reference letter in French or English (optional)<\/li>\n\n\n\n<li>Depending upon your home institution&#8217;s teaching language, proof of language proficiency may be required<\/li>\n<\/ul>\n\n\n\n<h3 class=\"wp-block-heading\" id=\"h-step-3\">STEP 3<\/h3>\n\n\n\n<p><strong>An online interview is to be scheduled if the online application is complete.<\/strong><\/p>\n\n\n\n<p><strong>The jury will test&nbsp;:<\/strong><br>The candidate\u2019s motivations and background relevance to the targeted study programme.<\/p>\n\n\n\n<p>Candidate\u2019s technical knowledge in key fields of study \u201cCalendar\u201d. Applications will be accepted throughout the year and evaluated as they are received.<\/p>\n\n\n\n<p>Candidates should expect to hear back from ESME International office within 3 weeks after submission of their application. Evaluation sessions will be conducted until July but no later than July 15th for non-EU candidates.<\/p>\n\n\n\n<div class=\"wp-block-buttons is-layout-flex wp-block-buttons-is-layout-flex\">\n<div class=\"wp-block-button\"><a class=\"wp-block-button__link wp-element-button\" href=\"https:\/\/www.esme.fr\/en\/admission-engineering-school\/international-students\/\">Click here to apply<\/a><\/div>\n<\/div>\n\n\n\n<hr class=\"wp-block-separator has-css-opacity\"\/>\n\n\n\n<p>ESME&#8217;s international development department will be able to guide you through the whole process once the form is completed. <\/p>\n\n\n\n<p>Should you have any question, please contact ESME international development department : <a href=\"mailto:international@esme.fr\">international@esme.fr<\/a><\/p>\n\n\n\n<div style=\"height:15px\" aria-hidden=\"true\" class=\"wp-block-spacer\"><\/div>\n\n\n\n<h3 class=\"wp-block-heading\" id=\"h-for-exchange-semester\">FOR EXCHANGE SEMESTER<\/h3>\n\n\n\n<p>Please contact your home university.<\/p>\n\n\n<div class=\"wp-block-image\">\n<figure class=\"aligncenter size-full is-resized\"><img loading=\"lazy\" decoding=\"async\" src=\"https:\/\/www.esme.fr\/wp-content\/uploads\/conference-marc-halevy-innovation-week-esme-etudiants-monde-paradigme-05.jpg\" alt=\"Les cl\u00e9s du monde d\u2019apr\u00e8s par Marc Hal\u00e9vy, invit\u00e9 de l\u2019Innovation Week 2022 de l\u2019ESME\" class=\"wp-image-6439\" width=\"370\" height=\"176\" srcset=\"https:\/\/www.esme.fr\/en\/wp-content\/uploads\/conference-marc-halevy-innovation-week-esme-etudiants-monde-paradigme-05.jpg 926w, https:\/\/www.esme.fr\/en\/wp-content\/uploads\/conference-marc-halevy-innovation-week-esme-etudiants-monde-paradigme-05-300x143.jpg 300w, https:\/\/www.esme.fr\/en\/wp-content\/uploads\/conference-marc-halevy-innovation-week-esme-etudiants-monde-paradigme-05-768x365.jpg 768w, https:\/\/www.esme.fr\/en\/wp-content\/uploads\/conference-marc-halevy-innovation-week-esme-etudiants-monde-paradigme-05-95x45.jpg 95w, https:\/\/www.esme.fr\/en\/wp-content\/uploads\/conference-marc-halevy-innovation-week-esme-etudiants-monde-paradigme-05-189x90.jpg 189w\" sizes=\"auto, (max-width: 370px) 100vw, 370px\" \/><\/figure><\/div>","protected":false},"excerpt":{"rendered":"<p>In order to apply to our programs, we will need to know more about your student situation, in what language you would like to attend your future classes, and from [&hellip;]<\/p>\n","protected":false},"author":3,"featured_media":0,"parent":0,"menu_order":12,"comment_status":"closed","ping_status":"closed","template":"","meta":{"_acf_changed":false,"footnotes":""},"class_list":["post-370","page","type-page","status-publish","hentry"],"acf":[],"featured_image_src":null,"yoast_head":"<!-- This site is optimized with the Yoast SEO Premium plugin v19.7 (Yoast SEO v27.3) - https:\/\/yoast.com\/product\/yoast-seo-premium-wordpress\/ -->\n<title>Apply to the programs of ESME international engineering school<\/title>\n<meta name=\"description\" content=\"Fill in our online application forms to apply to pour programs, for undergraduate and graduate courses as well as exchange semesters.\" \/>\n<meta name=\"robots\" content=\"index, follow, max-snippet:-1, max-image-preview:large, max-video-preview:-1\" \/>\n<link rel=\"canonical\" href=\"https:\/\/www.esme.fr\/en\/apply\/\" \/>\n<meta property=\"og:locale\" content=\"en_GB\" \/>\n<meta property=\"og:type\" content=\"article\" \/>\n<meta property=\"og:title\" content=\"Apply to the programs of ESME international engineering school\" \/>\n<meta property=\"og:description\" content=\"Fill in our online application forms to apply to pour programs, for undergraduate and graduate courses as well as exchange semesters.\" \/>\n<meta property=\"og:url\" content=\"https:\/\/www.esme.fr\/en\/apply\/\" \/>\n<meta property=\"og:site_name\" content=\"ESME\" \/>\n<meta property=\"article:modified_time\" content=\"2025-03-10T16:09:35+00:00\" \/>\n<meta property=\"og:image\" content=\"https:\/\/www.esme.fr\/en\/wp-content\/uploads\/esme-ecole-ingenieur-fbk.jpg\" \/>\n\t<meta property=\"og:image:width\" content=\"1200\" \/>\n\t<meta property=\"og:image:height\" content=\"630\" \/>\n\t<meta property=\"og:image:type\" content=\"image\/jpeg\" \/>\n<meta name=\"twitter:card\" content=\"summary_large_image\" \/>\n<meta name=\"twitter:title\" content=\"Apply to the programs of ESME international engineering school\" \/>\n<meta name=\"twitter:description\" content=\"Fill in our online application forms to apply to pour programs, for undergraduate and graduate courses as well as exchange semesters.\" \/>\n<meta name=\"twitter:label1\" content=\"Estimated reading time\" \/>\n\t<meta name=\"twitter:data1\" content=\"2 minutes\" \/>\n<script type=\"application\/ld+json\" class=\"yoast-schema-graph\">{\"@context\":\"https:\\\/\\\/schema.org\",\"@graph\":[{\"@type\":\"WebPage\",\"@id\":\"https:\\\/\\\/www.esme.fr\\\/en\\\/apply\\\/\",\"url\":\"https:\\\/\\\/www.esme.fr\\\/en\\\/apply\\\/\",\"name\":\"Apply to the programs of ESME international engineering school\",\"isPartOf\":{\"@id\":\"https:\\\/\\\/www.esme.fr\\\/en\\\/#website\"},\"primaryImageOfPage\":{\"@id\":\"https:\\\/\\\/www.esme.fr\\\/en\\\/apply\\\/#primaryimage\"},\"image\":{\"@id\":\"https:\\\/\\\/www.esme.fr\\\/en\\\/apply\\\/#primaryimage\"},\"thumbnailUrl\":\"https:\\\/\\\/www.esme.fr\\\/wp-content\\\/uploads\\\/conference-marc-halevy-innovation-week-esme-etudiants-monde-paradigme-05.jpg\",\"datePublished\":\"2021-06-08T14:10:49+00:00\",\"dateModified\":\"2025-03-10T16:09:35+00:00\",\"description\":\"Fill in our online application forms to apply to pour programs, for undergraduate and graduate courses as well as exchange semesters.\",\"breadcrumb\":{\"@id\":\"https:\\\/\\\/www.esme.fr\\\/en\\\/apply\\\/#breadcrumb\"},\"inLanguage\":\"en-GB\",\"potentialAction\":[{\"@type\":\"ReadAction\",\"target\":[\"https:\\\/\\\/www.esme.fr\\\/en\\\/apply\\\/\"]}]},{\"@type\":\"ImageObject\",\"inLanguage\":\"en-GB\",\"@id\":\"https:\\\/\\\/www.esme.fr\\\/en\\\/apply\\\/#primaryimage\",\"url\":\"https:\\\/\\\/www.esme.fr\\\/wp-content\\\/uploads\\\/conference-marc-halevy-innovation-week-esme-etudiants-monde-paradigme-05.jpg\",\"contentUrl\":\"https:\\\/\\\/www.esme.fr\\\/wp-content\\\/uploads\\\/conference-marc-halevy-innovation-week-esme-etudiants-monde-paradigme-05.jpg\"},{\"@type\":\"BreadcrumbList\",\"@id\":\"https:\\\/\\\/www.esme.fr\\\/en\\\/apply\\\/#breadcrumb\",\"itemListElement\":[{\"@type\":\"ListItem\",\"position\":1,\"name\":\"Home\",\"item\":\"https:\\\/\\\/10.10.3.27:8443\\\/en\\\/\"},{\"@type\":\"ListItem\",\"position\":2,\"name\":\"Apply to our programs\"}]},{\"@type\":\"WebSite\",\"@id\":\"https:\\\/\\\/www.esme.fr\\\/en\\\/#website\",\"url\":\"https:\\\/\\\/www.esme.fr\\\/en\\\/\",\"name\":\"ESME\",\"description\":\"les ing\u00e9nieurs qui transforment le monde\",\"potentialAction\":[{\"@type\":\"SearchAction\",\"target\":{\"@type\":\"EntryPoint\",\"urlTemplate\":\"https:\\\/\\\/www.esme.fr\\\/en\\\/?s={search_term_string}\"},\"query-input\":{\"@type\":\"PropertyValueSpecification\",\"valueRequired\":true,\"valueName\":\"search_term_string\"}}],\"inLanguage\":\"en-GB\"}]}<\/script>\n<!-- \/ Yoast SEO Premium plugin. -->","yoast_head_json":{"title":"Apply to the programs of ESME international engineering school","description":"Fill in our online application forms to apply to pour programs, for undergraduate and graduate courses as well as exchange semesters.","robots":{"index":"index","follow":"follow","max-snippet":"max-snippet:-1","max-image-preview":"max-image-preview:large","max-video-preview":"max-video-preview:-1"},"canonical":"https:\/\/www.esme.fr\/en\/apply\/","og_locale":"en_GB","og_type":"article","og_title":"Apply to the programs of ESME international engineering school","og_description":"Fill in our online application forms to apply to pour programs, for undergraduate and graduate courses as well as exchange semesters.","og_url":"https:\/\/www.esme.fr\/en\/apply\/","og_site_name":"ESME","article_modified_time":"2025-03-10T16:09:35+00:00","og_image":[{"width":1200,"height":630,"url":"https:\/\/www.esme.fr\/en\/wp-content\/uploads\/esme-ecole-ingenieur-fbk.jpg","type":"image\/jpeg"}],"twitter_card":"summary_large_image","twitter_title":"Apply to the programs of ESME international engineering school","twitter_description":"Fill in our online application forms to apply to pour programs, for undergraduate and graduate courses as well as exchange semesters.","twitter_misc":{"Estimated reading time":"2 minutes"},"schema":{"@context":"https:\/\/schema.org","@graph":[{"@type":"WebPage","@id":"https:\/\/www.esme.fr\/en\/apply\/","url":"https:\/\/www.esme.fr\/en\/apply\/","name":"Apply to the programs of ESME international engineering school","isPartOf":{"@id":"https:\/\/www.esme.fr\/en\/#website"},"primaryImageOfPage":{"@id":"https:\/\/www.esme.fr\/en\/apply\/#primaryimage"},"image":{"@id":"https:\/\/www.esme.fr\/en\/apply\/#primaryimage"},"thumbnailUrl":"https:\/\/www.esme.fr\/wp-content\/uploads\/conference-marc-halevy-innovation-week-esme-etudiants-monde-paradigme-05.jpg","datePublished":"2021-06-08T14:10:49+00:00","dateModified":"2025-03-10T16:09:35+00:00","description":"Fill in our online application forms to apply to pour programs, for undergraduate and graduate courses as well as exchange semesters.","breadcrumb":{"@id":"https:\/\/www.esme.fr\/en\/apply\/#breadcrumb"},"inLanguage":"en-GB","potentialAction":[{"@type":"ReadAction","target":["https:\/\/www.esme.fr\/en\/apply\/"]}]},{"@type":"ImageObject","inLanguage":"en-GB","@id":"https:\/\/www.esme.fr\/en\/apply\/#primaryimage","url":"https:\/\/www.esme.fr\/wp-content\/uploads\/conference-marc-halevy-innovation-week-esme-etudiants-monde-paradigme-05.jpg","contentUrl":"https:\/\/www.esme.fr\/wp-content\/uploads\/conference-marc-halevy-innovation-week-esme-etudiants-monde-paradigme-05.jpg"},{"@type":"BreadcrumbList","@id":"https:\/\/www.esme.fr\/en\/apply\/#breadcrumb","itemListElement":[{"@type":"ListItem","position":1,"name":"Home","item":"https:\/\/10.10.3.27:8443\/en\/"},{"@type":"ListItem","position":2,"name":"Apply to our programs"}]},{"@type":"WebSite","@id":"https:\/\/www.esme.fr\/en\/#website","url":"https:\/\/www.esme.fr\/en\/","name":"ESME","description":"les ing\u00e9nieurs qui transforment le monde","potentialAction":[{"@type":"SearchAction","target":{"@type":"EntryPoint","urlTemplate":"https:\/\/www.esme.fr\/en\/?s={search_term_string}"},"query-input":{"@type":"PropertyValueSpecification","valueRequired":true,"valueName":"search_term_string"}}],"inLanguage":"en-GB"}]}},"_links":{"self":[{"href":"https:\/\/www.esme.fr\/en\/wp-json\/wp\/v2\/pages\/370","targetHints":{"allow":["GET"]}}],"collection":[{"href":"https:\/\/www.esme.fr\/en\/wp-json\/wp\/v2\/pages"}],"about":[{"href":"https:\/\/www.esme.fr\/en\/wp-json\/wp\/v2\/types\/page"}],"author":[{"embeddable":true,"href":"https:\/\/www.esme.fr\/en\/wp-json\/wp\/v2\/users\/3"}],"replies":[{"embeddable":true,"href":"https:\/\/www.esme.fr\/en\/wp-json\/wp\/v2\/comments?post=370"}],"version-history":[{"count":191,"href":"https:\/\/www.esme.fr\/en\/wp-json\/wp\/v2\/pages\/370\/revisions"}],"predecessor-version":[{"id":13621,"href":"https:\/\/www.esme.fr\/en\/wp-json\/wp\/v2\/pages\/370\/revisions\/13621"}],"wp:attachment":[{"href":"https:\/\/www.esme.fr\/en\/wp-json\/wp\/v2\/media?parent=370"}],"curies":[{"name":"wp","href":"https:\/\/api.w.org\/{rel}","templated":true}]}}