{"id":2523,"date":"2017-08-01T09:02:51","date_gmt":"2017-08-01T09:02:51","guid":{"rendered":"https:\/\/int-ecole-org.flywheelsites.com\/blog\/"},"modified":"2023-05-15T16:26:45","modified_gmt":"2023-05-15T14:26:45","slug":"blog","status":"publish","type":"page","link":"https:\/\/www.esme.fr\/recherche\/blog\/","title":{"rendered":"Actualit\u00e9s R&#038;D"},"content":{"rendered":"","protected":false},"excerpt":{"rendered":"","protected":false},"author":1,"featured_media":37,"parent":0,"menu_order":0,"comment_status":"closed","ping_status":"closed","template":"blog-alternative","meta":{"_acf_changed":false,"footnotes":""},"class_list":["post-2523","page","type-page","status-publish","has-post-thumbnail","hentry"],"acf":[],"yoast_head":"<!-- This site is optimized with the Yoast SEO Premium plugin v22.8 (Yoast SEO v27.3) - https:\/\/yoast.com\/product\/yoast-seo-premium-wordpress\/ -->\n<title>Blog de l&#039;ESME Research Lab - La recherche \u00e0 l&#039;\u00e9cole d&#039;ing\u00e9nieurs ESME<\/title>\n<meta name=\"description\" content=\"Retrouvez les actualit\u00e9s de recherche et de d\ufffd\ufffdveloppement de l&#039;ESME Research Lab, le d\u00e9partement de recherche de l&#039;\u00e9cole d&#039;ing\u00e9nieurs ESME.\" \/>\n<meta name=\"robots\" content=\"index, follow, max-snippet:-1, max-image-preview:large, max-video-preview:-1\" \/>\n<link rel=\"canonical\" href=\"https:\/\/www.esme.fr\/recherche\/blog\/\" \/>\n<meta property=\"og:locale\" content=\"fr_FR\" \/>\n<meta property=\"og:type\" content=\"article\" \/>\n<meta property=\"og:title\" content=\"Blog de l&#039;ESME Research Lab - La recherche \u00e0 l&#039;\u00e9cole d&#039;ing\u00e9nieurs ESME\" \/>\n<meta property=\"og:description\" content=\"Retrouvez les actualit\u00e9s de recherche et de d\u00e9veloppement de l&#039;ESME Research Lab, le d\u00e9partement de recherche de l&#039;\u00e9cole d&#039;ing\u00e9nieurs ESME.\" \/>\n<meta property=\"og:url\" content=\"https:\/\/www.esme.fr\/recherche\/blog\/\" \/>\n<meta property=\"article:modified_time\" content=\"2023-05-15T14:26:45+00:00\" \/>\n<meta property=\"og:image\" content=\"https:\/\/www.esme.fr\/recherche\/wp-content\/uploads\/2017\/07\/card-1.jpg\" \/>\n\t<meta property=\"og:image:width\" content=\"271\" \/>\n\t<meta property=\"og:image:height\" content=\"211\" \/>\n\t<meta property=\"og:image:type\" content=\"image\/jpeg\" \/>\n<meta name=\"twitter:card\" content=\"summary_large_image\" \/>\n<meta name=\"twitter:title\" content=\"Blog de l&#039;ESME Research Lab - La recherche \u00e0 l&#039;\u00e9cole d&#039;ing\u00e9nieurs ESME\" \/>\n<meta name=\"twitter:description\" content=\"Retrouvez les actualit\u00e9s de recherche et de d\u00e9veloppement de l&#039;ESME Research Lab, le d\u00e9partement de recherche de l&#039;\u00e9cole d&#039;ing\u00e9nieurs ESME.\" \/>\n<script type=\"application\/ld+json\" class=\"yoast-schema-graph\">{\"@context\":\"https:\\\/\\\/schema.org\",\"@graph\":[{\"@type\":\"WebPage\",\"@id\":\"https:\\\/\\\/www.esme.fr\\\/recherche\\\/blog\\\/\",\"url\":\"https:\\\/\\\/www.esme.fr\\\/recherche\\\/blog\\\/\",\"name\":\"Blog de l'ESME Research Lab - La recherche \u00e0 l'\u00e9cole d'ing\u00e9nieurs ESME\",\"isPartOf\":{\"@id\":\"https:\\\/\\\/www.esme.fr\\\/recherche\\\/#website\"},\"primaryImageOfPage\":{\"@id\":\"https:\\\/\\\/www.esme.fr\\\/recherche\\\/blog\\\/#primaryimage\"},\"image\":{\"@id\":\"https:\\\/\\\/www.esme.fr\\\/recherche\\\/blog\\\/#primaryimage\"},\"thumbnailUrl\":\"https:\\\/\\\/www.esme.fr\\\/recherche\\\/wp-content\\\/uploads\\\/2017\\\/07\\\/card-1.jpg\",\"datePublished\":\"2017-08-01T09:02:51+00:00\",\"dateModified\":\"2023-05-15T14:26:45+00:00\",\"description\":\"Retrouvez les actualit\u00e9s de recherche et de d\ufffd\ufffdveloppement de l'ESME Research Lab, le d\u00e9partement de recherche de l'\u00e9cole d'ing\u00e9nieurs ESME.\",\"breadcrumb\":{\"@id\":\"https:\\\/\\\/www.esme.fr\\\/recherche\\\/blog\\\/#breadcrumb\"},\"inLanguage\":\"fr-FR\",\"potentialAction\":[{\"@type\":\"ReadAction\",\"target\":[\"https:\\\/\\\/www.esme.fr\\\/recherche\\\/blog\\\/\"]}]},{\"@type\":\"ImageObject\",\"inLanguage\":\"fr-FR\",\"@id\":\"https:\\\/\\\/www.esme.fr\\\/recherche\\\/blog\\\/#primaryimage\",\"url\":\"https:\\\/\\\/www.esme.fr\\\/recherche\\\/wp-content\\\/uploads\\\/2017\\\/07\\\/card-1.jpg\",\"contentUrl\":\"https:\\\/\\\/www.esme.fr\\\/recherche\\\/wp-content\\\/uploads\\\/2017\\\/07\\\/card-1.jpg\",\"width\":271,\"height\":211,\"caption\":\"Chercheuse scientifique\"},{\"@type\":\"BreadcrumbList\",\"@id\":\"https:\\\/\\\/www.esme.fr\\\/recherche\\\/blog\\\/#breadcrumb\",\"itemListElement\":[{\"@type\":\"ListItem\",\"position\":1,\"name\":\"Accueil\",\"item\":\"https:\\\/\\\/www.esme.fr\\\/recherche\\\/\"},{\"@type\":\"ListItem\",\"position\":2,\"name\":\"Actualit\u00e9s R&#038;D\"}]},{\"@type\":\"WebSite\",\"@id\":\"https:\\\/\\\/www.esme.fr\\\/recherche\\\/#website\",\"url\":\"https:\\\/\\\/www.esme.fr\\\/recherche\\\/\",\"name\":\"\",\"description\":\"Innovative Engineering\",\"potentialAction\":[{\"@type\":\"SearchAction\",\"target\":{\"@type\":\"EntryPoint\",\"urlTemplate\":\"https:\\\/\\\/www.esme.fr\\\/recherche\\\/?s={search_term_string}\"},\"query-input\":{\"@type\":\"PropertyValueSpecification\",\"valueRequired\":true,\"valueName\":\"search_term_string\"}}],\"inLanguage\":\"fr-FR\"}]}<\/script>\n<!-- \/ Yoast SEO Premium plugin. -->","yoast_head_json":{"title":"Blog de l'ESME Research Lab - La recherche \u00e0 l'\u00e9cole d'ing\u00e9nieurs ESME","description":"Retrouvez les actualit\u00e9s de recherche et de d\ufffd\ufffdveloppement de l'ESME Research Lab, le d\u00e9partement de recherche de l'\u00e9cole d'ing\u00e9nieurs ESME.","robots":{"index":"index","follow":"follow","max-snippet":"max-snippet:-1","max-image-preview":"max-image-preview:large","max-video-preview":"max-video-preview:-1"},"canonical":"https:\/\/www.esme.fr\/recherche\/blog\/","og_locale":"fr_FR","og_type":"article","og_title":"Blog de l'ESME Research Lab - La recherche \u00e0 l'\u00e9cole d'ing\u00e9nieurs ESME","og_description":"Retrouvez les actualit\u00e9s de recherche et de d\u00e9veloppement de l'ESME Research Lab, le d\u00e9partement de recherche de l'\u00e9cole d'ing\u00e9nieurs ESME.","og_url":"https:\/\/www.esme.fr\/recherche\/blog\/","article_modified_time":"2023-05-15T14:26:45+00:00","og_image":[{"width":271,"height":211,"url":"https:\/\/www.esme.fr\/recherche\/wp-content\/uploads\/2017\/07\/card-1.jpg","type":"image\/jpeg"}],"twitter_card":"summary_large_image","twitter_title":"Blog de l'ESME Research Lab - La recherche \u00e0 l'\u00e9cole d'ing\u00e9nieurs ESME","twitter_description":"Retrouvez les actualit\u00e9s de recherche et de d\u00e9veloppement de l'ESME Research Lab, le d\u00e9partement de recherche de l'\u00e9cole d'ing\u00e9nieurs ESME.","schema":{"@context":"https:\/\/schema.org","@graph":[{"@type":"WebPage","@id":"https:\/\/www.esme.fr\/recherche\/blog\/","url":"https:\/\/www.esme.fr\/recherche\/blog\/","name":"Blog de l'ESME Research Lab - La recherche \u00e0 l'\u00e9cole d'ing\u00e9nieurs ESME","isPartOf":{"@id":"https:\/\/www.esme.fr\/recherche\/#website"},"primaryImageOfPage":{"@id":"https:\/\/www.esme.fr\/recherche\/blog\/#primaryimage"},"image":{"@id":"https:\/\/www.esme.fr\/recherche\/blog\/#primaryimage"},"thumbnailUrl":"https:\/\/www.esme.fr\/recherche\/wp-content\/uploads\/2017\/07\/card-1.jpg","datePublished":"2017-08-01T09:02:51+00:00","dateModified":"2023-05-15T14:26:45+00:00","description":"Retrouvez les actualit\u00e9s de recherche et de d\ufffd\ufffdveloppement de l'ESME Research Lab, le d\u00e9partement de recherche de l'\u00e9cole d'ing\u00e9nieurs ESME.","breadcrumb":{"@id":"https:\/\/www.esme.fr\/recherche\/blog\/#breadcrumb"},"inLanguage":"fr-FR","potentialAction":[{"@type":"ReadAction","target":["https:\/\/www.esme.fr\/recherche\/blog\/"]}]},{"@type":"ImageObject","inLanguage":"fr-FR","@id":"https:\/\/www.esme.fr\/recherche\/blog\/#primaryimage","url":"https:\/\/www.esme.fr\/recherche\/wp-content\/uploads\/2017\/07\/card-1.jpg","contentUrl":"https:\/\/www.esme.fr\/recherche\/wp-content\/uploads\/2017\/07\/card-1.jpg","width":271,"height":211,"caption":"Chercheuse scientifique"},{"@type":"BreadcrumbList","@id":"https:\/\/www.esme.fr\/recherche\/blog\/#breadcrumb","itemListElement":[{"@type":"ListItem","position":1,"name":"Accueil","item":"https:\/\/www.esme.fr\/recherche\/"},{"@type":"ListItem","position":2,"name":"Actualit\u00e9s R&#038;D"}]},{"@type":"WebSite","@id":"https:\/\/www.esme.fr\/recherche\/#website","url":"https:\/\/www.esme.fr\/recherche\/","name":"","description":"Innovative Engineering","potentialAction":[{"@type":"SearchAction","target":{"@type":"EntryPoint","urlTemplate":"https:\/\/www.esme.fr\/recherche\/?s={search_term_string}"},"query-input":{"@type":"PropertyValueSpecification","valueRequired":true,"valueName":"search_term_string"}}],"inLanguage":"fr-FR"}]}},"_links":{"self":[{"href":"https:\/\/www.esme.fr\/recherche\/wp-json\/wp\/v2\/pages\/2523","targetHints":{"allow":["GET"]}}],"collection":[{"href":"https:\/\/www.esme.fr\/recherche\/wp-json\/wp\/v2\/pages"}],"about":[{"href":"https:\/\/www.esme.fr\/recherche\/wp-json\/wp\/v2\/types\/page"}],"author":[{"embeddable":true,"href":"https:\/\/www.esme.fr\/recherche\/wp-json\/wp\/v2\/users\/1"}],"replies":[{"embeddable":true,"href":"https:\/\/www.esme.fr\/recherche\/wp-json\/wp\/v2\/comments?post=2523"}],"version-history":[{"count":11,"href":"https:\/\/www.esme.fr\/recherche\/wp-json\/wp\/v2\/pages\/2523\/revisions"}],"predecessor-version":[{"id":6357,"href":"https:\/\/www.esme.fr\/recherche\/wp-json\/wp\/v2\/pages\/2523\/revisions\/6357"}],"wp:featuredmedia":[{"embeddable":true,"href":"https:\/\/www.esme.fr\/recherche\/wp-json\/wp\/v2\/media\/37"}],"wp:attachment":[{"href":"https:\/\/www.esme.fr\/recherche\/wp-json\/wp\/v2\/media?parent=2523"}],"curies":[{"name":"wp","href":"https:\/\/api.w.org\/{rel}","templated":true}]}}