{"id":2757,"date":"2019-04-11T10:57:15","date_gmt":"2019-04-11T08:57:15","guid":{"rendered":"https:\/\/int-ecole-org.flywheelsites.com\/?page_id=2757"},"modified":"2023-05-02T16:48:04","modified_gmt":"2023-05-02T14:48:04","slug":"contact","status":"publish","type":"page","link":"https:\/\/www.esme.fr\/recherche\/contact\/","title":{"rendered":"Contact"},"content":{"rendered":"<style type=\"text\/css\">@media only screen and (min-width: 1000px) and (max-width: 5000px){body.kc-css-system .kc-css-163662{width: 50%;}body.kc-css-system .kc-css-2882993{width: 50%;}}body.kc-css-system .kc-css-3516176{padding-bottom: 45px;}body.kc-css-system .kc-css-4109874{padding-top: 55px;padding-bottom: 55px;}body.kc-css-system .kc-css-4176166{margin-bottom: 55px;}<\/style>\n<section class=\"kc-elm kc-css-1942236 kc_row\">\n<div class=\"kc-row-container  kc-container\">\n<div class=\"kc-wrap-columns\">\n<div class=\"kc-elm kc-css-521291 kc_col-sm-12 kc_column kc_col-sm-12\">\n<div class=\"kc-col-container\">\n<div class=\"kc-elm kc-css-3516176 kc_text_block\">\n<h2>Une question, des remarques ou envie de suivre notre actualit\u00e9 ?<\/h2>\n<\/div>\n<\/div>\n<\/div>\n<\/div>\n<\/div>\n<\/section>\n<section class=\"kc-elm kc-css-4109874 kc_row\">\n<div class=\"kc-row-container  kc-container\">\n<div class=\"kc-wrap-columns\">\n<div class=\"kc-elm kc-css-163662 kc_col-sm-6 kc_column kc_col-sm-6\">\n<div class=\"kc-col-container\">\n<div class=\"kc-elm kc-css-3639899 kc_shortcode kc_single_image\">\n<p>        <img decoding=\"async\" src=\"https:\/\/www.esme.fr\/recherche\/wp-content\/uploads\/2017\/07\/video.jpg\" class=\"img-responsive\" alt=\"\" \/>    <\/div>\n<\/div>\n<\/div>\n<div class=\"kc-elm kc-css-2882993 kc_col-sm-6 kc_column kc_col-sm-6\">\n<div class=\"kc-col-container\">\n<div class=\"kc-elm kc-css-764070 kc_text_block\">\n<p>\nVous \u00eates \u00e9tudiant et souhaitez faire un stage dans l&#039;un de nos laboratoires ?<\/p>\n<p>Vous souhaitez \u00e9tablir un partenariat avec l&#039;un de nos laboratoires ?<\/p>\n<p>Ou bien \u00eatre tenu au courant de nos actualit\u00e9s et vous abonner \u00e0 notre newsletter ?<\/p>\n<p>Laissez-nous vos coordonn\u00e9es ci-dessous.<\/p>\n<\/div>\n<\/div>\n<\/div>\n<\/div>\n<\/div>\n<\/section>\n<section class=\"kc-elm kc-css-4176166 kc_row\">\n<div class=\"kc-row-container  kc-container\">\n<div class=\"kc-wrap-columns\">\n<div class=\"kc-elm kc-css-1213281 kc_col-sm-12 kc_column kc_col-sm-12\">\n<div class=\"kc-col-container\">\n<div class=\"kc-elm kc-css-3586348 kc-title-wrap \">\n<h3 class=\"kc_title\">Contactez-nous ou abonnez-vous \u00e0 notre newsletter<\/h3>\n<\/div>\n<div class=\"kc-contact-form7 kc-elm kc-css-203504\">\n<div role=\"form\" class=\"wpcf7\" id=\"wpcf7-f2406-o2\" lang=\"en-US\" dir=\"ltr\">\n<div class=\"screen-reader-response\">\n<p role=\"status\" aria-live=\"polite\" aria-atomic=\"true\">\n<ul><\/ul>\n<\/div>\n<form action=\"\/wp-admin\/post.php#wpcf7-f2406-o2\" method=\"post\" class=\"wpcf7-form init\" novalidate=\"novalidate\" data-status=\"init\">\n<div style=\"display: none;\">\n<input type=\"hidden\" name=\"_wpcf7\" value=\"2406\" \/><br \/>\n<input type=\"hidden\" name=\"_wpcf7_version\" value=\"5.5.6\" \/><br \/>\n<input type=\"hidden\" name=\"_wpcf7_locale\" value=\"en_US\" \/><br \/>\n<input type=\"hidden\" name=\"_wpcf7_unit_tag\" value=\"wpcf7-f2406-o2\" \/><br \/>\n<input type=\"hidden\" name=\"_wpcf7_container_post\" value=\"0\" \/><br \/>\n<input type=\"hidden\" name=\"_wpcf7_posted_data_hash\" value=\"\" \/>\n<\/div>\n<div class=\"form-future_memb\">\n<div class=\"form-group\">\n<label for=\"futureName\">Nom<\/label><br \/>\n<span class=\"wpcf7-form-control-wrap fullName\"><input type=\"text\" name=\"fullName\" value=\"\" size=\"40\" class=\"wpcf7-form-control wpcf7-text wpcf7-validates-as-required form-control\" id=\"futureName\" aria-required=\"true\" aria-invalid=\"false\" placeholder=\"Saisir votre nom\" \/><\/span>\n<\/div>\n<div class=\"form-group\">\n<label for=\"InputEmail\">Email<\/label><br \/>\n<span class=\"wpcf7-form-control-wrap email\"><input type=\"email\" name=\"email\" value=\"\" size=\"40\" class=\"wpcf7-form-control wpcf7-text wpcf7-email wpcf7-validates-as-required wpcf7-validates-as-email form-control\" id=\"InputEmail\" aria-required=\"true\" aria-invalid=\"false\" placeholder=\"Saisir votre adresse email\" \/><\/span>\n<\/div>\n<div class=\"form-group\">\n<label for=\"Inputphone\">T\u00e9l\u00e9phone<\/label><br \/>\n<span class=\"wpcf7-form-control-wrap contact_num\"><input type=\"tel\" name=\"contact_num\" value=\"\" size=\"40\" class=\"wpcf7-form-control wpcf7-text wpcf7-tel wpcf7-validates-as-tel form-control\" id=\"Inputphone\" aria-invalid=\"false\" placeholder=\"Saisir votre num\u00e9ro de t\u00e9l\u00e9phone\" \/><\/span>\n<\/div>\n<div class=\"form-group\">\n<label for=\"InputMessage\">Message<\/label><br \/>\n<span class=\"wpcf7-form-control-wrap message\"><textarea name=\"message\" cols=\"40\" rows=\"10\" class=\"wpcf7-form-control wpcf7-textarea wpcf7-validates-as-required form-control\" id=\"InputMessage\" aria-required=\"true\" aria-invalid=\"false\" placeholder=\"Laissez nous votre message\"><\/textarea><\/span>\n<\/div>\n<div class=\"form-group\">\n<input type=\"submit\" value=\"ENVOYER\" class=\"wpcf7-form-control has-spinner wpcf7-submit btn btn-gules\" \/>\n<\/div>\n<\/div>\n<div class=\"wpcf7-response-output\" aria-hidden=\"true\"><\/div>\n<\/form>\n<\/div>\n<\/div>\n<\/div>\n<\/div>\n<\/div>\n<\/div>\n<\/section>\n","protected":false},"excerpt":{"rendered":"<p>Une question, des remarques ou envie de suivre notre actualit\u00e9 ? Vous \u00eates \u00e9tudiant et souhaitez faire un stage dans l&#039;un de nos laboratoires ? Vous souhaitez \u00e9tablir un partenariat avec l&#039;un de nos laboratoires ? Ou bien \u00eatre tenu au courant de nos actualit\u00e9s et vous abonner \u00e0 notre newsletter ? Laissez-nous vos coordonn\u00e9es [&hellip;]<\/p>\n","protected":false},"author":1,"featured_media":0,"parent":0,"menu_order":0,"comment_status":"closed","ping_status":"closed","template":"","meta":{"_acf_changed":false,"footnotes":""},"class_list":["post-2757","page","type-page","status-publish","hentry"],"acf":[],"yoast_head":"<!-- This site is optimized with the Yoast SEO Premium plugin v22.8 (Yoast SEO v27.3) - https:\/\/yoast.com\/product\/yoast-seo-premium-wordpress\/ -->\n<title>Contacter l&#039;ESME Research Lab - Laboratoire de recherche de l&#039;ESME<\/title>\n<meta name=\"description\" content=\"Vous \u00eates \u00e9tudiant en recherche de stage ou une entreprise souhaitant \u00e9tablir un partenariat avec un de nos laboratoires ? Contactez-nous !\" \/>\n<meta name=\"robots\" content=\"index, follow, max-snippet:-1, max-image-preview:large, max-video-preview:-1\" \/>\n<link rel=\"canonical\" href=\"https:\/\/www.esme.fr\/recherche\/contact\/\" \/>\n<meta property=\"og:locale\" content=\"fr_FR\" \/>\n<meta property=\"og:type\" content=\"article\" \/>\n<meta property=\"og:title\" content=\"Contacter l&#039;ESME Research Lab - Laboratoire de recherche de l&#039;ESME\" \/>\n<meta property=\"og:description\" content=\"Vous \u00eates \u00e9tudiant en recherche de stage ou une entreprise souhaitant \u00e9tablir un partenariat avec un de nos laboratoires ? Contactez-nous !\" \/>\n<meta property=\"og:url\" content=\"https:\/\/www.esme.fr\/recherche\/contact\/\" \/>\n<meta property=\"article:modified_time\" content=\"2023-05-02T14:48:04+00:00\" \/>\n<meta property=\"og:image\" content=\"https:\/\/www.esme.fr\/recherche\/wp-content\/uploads\/2022\/07\/esme-ecole-ingenieur-fbk.jpg\" \/>\n\t<meta property=\"og:image:width\" content=\"1200\" \/>\n\t<meta property=\"og:image:height\" content=\"630\" \/>\n\t<meta property=\"og:image:type\" content=\"image\/jpeg\" \/>\n<meta name=\"twitter:card\" content=\"summary_large_image\" \/>\n<meta name=\"twitter:title\" content=\"Contacter l&#039;ESME Research Lab - Laboratoire de recherche de l&#039;ESME\" \/>\n<meta name=\"twitter:description\" content=\"Vous \u00eates \u00e9tudiant en recherche de stage ou une entreprise souhaitant \u00e9tablir un partenariat avec un de nos laboratoires ? Contactez-nous !\" \/>\n<script type=\"application\/ld+json\" class=\"yoast-schema-graph\">{\"@context\":\"https:\\\/\\\/schema.org\",\"@graph\":[{\"@type\":\"WebPage\",\"@id\":\"https:\\\/\\\/www.esme.fr\\\/recherche\\\/contact\\\/\",\"url\":\"https:\\\/\\\/www.esme.fr\\\/recherche\\\/contact\\\/\",\"name\":\"Contacter l'ESME Research Lab - Laboratoire de recherche de l'ESME\",\"isPartOf\":{\"@id\":\"https:\\\/\\\/www.esme.fr\\\/recherche\\\/#website\"},\"primaryImageOfPage\":{\"@id\":\"https:\\\/\\\/www.esme.fr\\\/recherche\\\/contact\\\/#primaryimage\"},\"image\":{\"@id\":\"https:\\\/\\\/www.esme.fr\\\/recherche\\\/contact\\\/#primaryimage\"},\"thumbnailUrl\":\"https:\\\/\\\/www.esme.fr\\\/recherche\\\/wp-content\\\/uploads\\\/2017\\\/07\\\/video.jpg\",\"datePublished\":\"2019-04-11T08:57:15+00:00\",\"dateModified\":\"2023-05-02T14:48:04+00:00\",\"description\":\"Vous \u00eates \u00e9tudiant en recherche de stage ou une entreprise souhaitant \u00e9tablir un partenariat avec un de nos laboratoires ? Contactez-nous !\",\"breadcrumb\":{\"@id\":\"https:\\\/\\\/www.esme.fr\\\/recherche\\\/contact\\\/#breadcrumb\"},\"inLanguage\":\"fr-FR\",\"potentialAction\":[{\"@type\":\"ReadAction\",\"target\":[\"https:\\\/\\\/www.esme.fr\\\/recherche\\\/contact\\\/\"]}]},{\"@type\":\"ImageObject\",\"inLanguage\":\"fr-FR\",\"@id\":\"https:\\\/\\\/www.esme.fr\\\/recherche\\\/contact\\\/#primaryimage\",\"url\":\"https:\\\/\\\/www.esme.fr\\\/recherche\\\/wp-content\\\/uploads\\\/2017\\\/07\\\/video.jpg\",\"contentUrl\":\"https:\\\/\\\/www.esme.fr\\\/recherche\\\/wp-content\\\/uploads\\\/2017\\\/07\\\/video.jpg\",\"width\":371,\"height\":216,\"caption\":\"chercheurs en science utilisant une tablette\"},{\"@type\":\"BreadcrumbList\",\"@id\":\"https:\\\/\\\/www.esme.fr\\\/recherche\\\/contact\\\/#breadcrumb\",\"itemListElement\":[{\"@type\":\"ListItem\",\"position\":1,\"name\":\"Accueil\",\"item\":\"https:\\\/\\\/www.esme.fr\\\/recherche\\\/\"},{\"@type\":\"ListItem\",\"position\":2,\"name\":\"Contact\"}]},{\"@type\":\"WebSite\",\"@id\":\"https:\\\/\\\/www.esme.fr\\\/recherche\\\/#website\",\"url\":\"https:\\\/\\\/www.esme.fr\\\/recherche\\\/\",\"name\":\"\",\"description\":\"Innovative Engineering\",\"potentialAction\":[{\"@type\":\"SearchAction\",\"target\":{\"@type\":\"EntryPoint\",\"urlTemplate\":\"https:\\\/\\\/www.esme.fr\\\/recherche\\\/?s={search_term_string}\"},\"query-input\":{\"@type\":\"PropertyValueSpecification\",\"valueRequired\":true,\"valueName\":\"search_term_string\"}}],\"inLanguage\":\"fr-FR\"}]}<\/script>\n<!-- \/ Yoast SEO Premium plugin. -->","yoast_head_json":{"title":"Contacter l'ESME Research Lab - Laboratoire de recherche de l'ESME","description":"Vous \u00eates \u00e9tudiant en recherche de stage ou une entreprise souhaitant \u00e9tablir un partenariat avec un de nos laboratoires ? Contactez-nous !","robots":{"index":"index","follow":"follow","max-snippet":"max-snippet:-1","max-image-preview":"max-image-preview:large","max-video-preview":"max-video-preview:-1"},"canonical":"https:\/\/www.esme.fr\/recherche\/contact\/","og_locale":"fr_FR","og_type":"article","og_title":"Contacter l'ESME Research Lab - Laboratoire de recherche de l'ESME","og_description":"Vous \u00eates \u00e9tudiant en recherche de stage ou une entreprise souhaitant \u00e9tablir un partenariat avec un de nos laboratoires ? Contactez-nous !","og_url":"https:\/\/www.esme.fr\/recherche\/contact\/","article_modified_time":"2023-05-02T14:48:04+00:00","og_image":[{"width":1200,"height":630,"url":"https:\/\/www.esme.fr\/recherche\/wp-content\/uploads\/2022\/07\/esme-ecole-ingenieur-fbk.jpg","type":"image\/jpeg"}],"twitter_card":"summary_large_image","twitter_title":"Contacter l'ESME Research Lab - Laboratoire de recherche de l'ESME","twitter_description":"Vous \u00eates \u00e9tudiant en recherche de stage ou une entreprise souhaitant \u00e9tablir un partenariat avec un de nos laboratoires ? Contactez-nous !","schema":{"@context":"https:\/\/schema.org","@graph":[{"@type":"WebPage","@id":"https:\/\/www.esme.fr\/recherche\/contact\/","url":"https:\/\/www.esme.fr\/recherche\/contact\/","name":"Contacter l'ESME Research Lab - Laboratoire de recherche de l'ESME","isPartOf":{"@id":"https:\/\/www.esme.fr\/recherche\/#website"},"primaryImageOfPage":{"@id":"https:\/\/www.esme.fr\/recherche\/contact\/#primaryimage"},"image":{"@id":"https:\/\/www.esme.fr\/recherche\/contact\/#primaryimage"},"thumbnailUrl":"https:\/\/www.esme.fr\/recherche\/wp-content\/uploads\/2017\/07\/video.jpg","datePublished":"2019-04-11T08:57:15+00:00","dateModified":"2023-05-02T14:48:04+00:00","description":"Vous \u00eates \u00e9tudiant en recherche de stage ou une entreprise souhaitant \u00e9tablir un partenariat avec un de nos laboratoires ? Contactez-nous !","breadcrumb":{"@id":"https:\/\/www.esme.fr\/recherche\/contact\/#breadcrumb"},"inLanguage":"fr-FR","potentialAction":[{"@type":"ReadAction","target":["https:\/\/www.esme.fr\/recherche\/contact\/"]}]},{"@type":"ImageObject","inLanguage":"fr-FR","@id":"https:\/\/www.esme.fr\/recherche\/contact\/#primaryimage","url":"https:\/\/www.esme.fr\/recherche\/wp-content\/uploads\/2017\/07\/video.jpg","contentUrl":"https:\/\/www.esme.fr\/recherche\/wp-content\/uploads\/2017\/07\/video.jpg","width":371,"height":216,"caption":"chercheurs en science utilisant une tablette"},{"@type":"BreadcrumbList","@id":"https:\/\/www.esme.fr\/recherche\/contact\/#breadcrumb","itemListElement":[{"@type":"ListItem","position":1,"name":"Accueil","item":"https:\/\/www.esme.fr\/recherche\/"},{"@type":"ListItem","position":2,"name":"Contact"}]},{"@type":"WebSite","@id":"https:\/\/www.esme.fr\/recherche\/#website","url":"https:\/\/www.esme.fr\/recherche\/","name":"","description":"Innovative Engineering","potentialAction":[{"@type":"SearchAction","target":{"@type":"EntryPoint","urlTemplate":"https:\/\/www.esme.fr\/recherche\/?s={search_term_string}"},"query-input":{"@type":"PropertyValueSpecification","valueRequired":true,"valueName":"search_term_string"}}],"inLanguage":"fr-FR"}]}},"_links":{"self":[{"href":"https:\/\/www.esme.fr\/recherche\/wp-json\/wp\/v2\/pages\/2757","targetHints":{"allow":["GET"]}}],"collection":[{"href":"https:\/\/www.esme.fr\/recherche\/wp-json\/wp\/v2\/pages"}],"about":[{"href":"https:\/\/www.esme.fr\/recherche\/wp-json\/wp\/v2\/types\/page"}],"author":[{"embeddable":true,"href":"https:\/\/www.esme.fr\/recherche\/wp-json\/wp\/v2\/users\/1"}],"replies":[{"embeddable":true,"href":"https:\/\/www.esme.fr\/recherche\/wp-json\/wp\/v2\/comments?post=2757"}],"version-history":[{"count":7,"href":"https:\/\/www.esme.fr\/recherche\/wp-json\/wp\/v2\/pages\/2757\/revisions"}],"predecessor-version":[{"id":6353,"href":"https:\/\/www.esme.fr\/recherche\/wp-json\/wp\/v2\/pages\/2757\/revisions\/6353"}],"wp:attachment":[{"href":"https:\/\/www.esme.fr\/recherche\/wp-json\/wp\/v2\/media?parent=2757"}],"curies":[{"name":"wp","href":"https:\/\/api.w.org\/{rel}","templated":true}]}}