{"id":5466,"date":"2022-05-09T12:18:17","date_gmt":"2022-05-09T10:18:17","guid":{"rendered":"https:\/\/recherche.esme.fr\/?page_id=5466"},"modified":"2025-12-12T11:06:13","modified_gmt":"2025-12-12T10:06:13","slug":"rejoindre-lesme-research-lab","status":"publish","type":"page","link":"https:\/\/www.esme.fr\/recherche\/rejoindre-lesme-research-lab\/","title":{"rendered":"Rejoindre l&rsquo;ESME Research Lab"},"content":{"rendered":"\n<div class=\"wp-block-group alignwide has-global-padding is-layout-constrained wp-container-core-group-is-layout-12243e0f wp-block-group-is-layout-constrained\">\n<h2 class=\"wp-block-heading has-base-color has-text-color has-x-large-font-size\" id=\"h-pourquoi-rejoindre-l-esme-research-lab\"><strong>Pourquoi rejoindre l&rsquo;ESME Research Lab ?<\/strong><\/h2>\n\n\n\n<p class=\"has-base-color has-text-color has-small-font-size\"><br>A l\u2019ESME, nous accordons une grande importance aux activit\u00e9s de recherche d\u00e9velopp\u00e9es par nos enseignants-chercheurs.<br>Il est par cons\u00e9quent essentiel que ceux-ci soient accompagn\u00e9s et soutenus, afin qu\u2019ils puissent se consacrer \u00e0 leurs travaux. C\u2019est pourquoi la direction de la recherche travaille de mani\u00e8re \u00e9troite avec la direction du d\u00e9veloppement de la formation, avec le souci d\u2019harmoniser la r\u00e9partition de la charge entre l\u2019enseignement et la recherche.<\/p>\n\n\n\n<p class=\"has-base-color has-text-color has-small-font-size\">De plus, un soutien financier est apport\u00e9 aux enseignants-chercheurs, afin de leur permettre d\u2019encadrer des stagiaires, des doctorants, des post-docs ou encore de participer \u00e0 des conf\u00e9rences internationales.<\/p>\n\n\n\n<p class=\"has-base-color has-text-color has-small-font-size\">Enfin, l\u2019ESME s\u2019est engag\u00e9e dans une d\u00e9marche de rapprochement avec l\u2019Universit\u00e9 Paris-Saclay sur le volet de la recherche, celui de la formation et \u00e9galement celui de l\u2019entrepreneuriat et de l\u2019innovation. Ainsi, les enseignants-chercheurs sont encourag\u00e9s et accompagn\u00e9s pour d\u00e9velopper des collaborations avec les laboratoires de recherche de l\u2019Universit\u00e9 Paris-Saclay. Gr\u00e2ce \u00e0 cette d\u00e9marche, plusieurs enseignants-chercheurs de l\u2019ESME sont associ\u00e9s au&nbsp;<a href=\"https:\/\/www.geeps.centralesupelec.fr\/\" target=\"_blank\" rel=\"noreferrer noopener\">GeePs<\/a>&nbsp;(Laboratoire de G\u00e9nie Electrique et d\u2019Electronique de Paris) et \u00e0 l\u2019<a href=\"https:\/\/www.ibisc.univ-evry.fr\/\" target=\"_blank\" rel=\"noreferrer noopener\">IBISC<\/a>&nbsp;(Laboratoire Informatique, de BioInformatique, et Syst\u00e8mes Complexes).<\/p>\n\n\n\n<p class=\"has-base-color has-text-color has-small-font-size\">Au-del\u00e0 de ces engagements que l\u2019ESME a \u00e0 c\u0153ur de tenir, l\u2019ESME REsearch Lab se r\u00e9unit lors de moments conviviaux : RDVs Recherche, petits d\u00e9jeuners de l\u2019ESME Research Lab, \u2026, sont des occasions de se r\u00e9unir et de partager les sujets d\u2019int\u00e9r\u00eat de chacun !<\/p>\n\n\n\n<h3 class=\"wp-block-heading has-base-color has-text-color has-x-large-font-size\" id=\"h-envie-de-nous-rejoindre\">Envie de nous rejoindre ?<\/h3>\n\n\n\n<p class=\"has-base-color has-text-color has-small-font-size\">Vous pouvez nous envoyer votre candidature spontan\u00e9e \u00e0 l\u2019adresse<a href=\"mailto:aude.herry@esme.fr\">&nbsp;aude.herry@esme.fr<\/a>&nbsp;ou postuler \u00e0 l\u2019une de nos offres !<\/p>\n\n\n\n<h3 class=\"wp-block-heading has-base-color has-text-color has-x-large-font-size\" id=\"h-postes-d-enseignant-chercheur-actuellement-a-pourvoir\">Postes d&rsquo;enseignant-chercheur actuellement \u00e0 pourvoir<\/h3>\n\n\n\n<p class=\"has-small-font-size\"><a href=\"https:\/\/careers.werecruit.io\/fr\/ionis-group\/offres\/enseignant-chercheur-en-genie-electrique-23b9db\">Poste d&rsquo;enseignant-chercheur en G\u00e9nie \u00e9lectrique<\/a> (Bordeaux)<\/p>\n\n\n\n<p><a href=\"https:\/\/careers.werecruit.io\/fr\/ionis-group\/offres\/enseignant-chercheur--en-robotique-fh-835f6c\">Poste d&rsquo;enseignant-chercheur en Robotique<\/a> (Lyon)<\/p>\n<\/div>\n\n\n\n<div style=\"height:43px\" aria-hidden=\"true\" class=\"wp-block-spacer\"><\/div>\n\n\n\n<figure class=\"wp-block-image size-large\"><img loading=\"lazy\" decoding=\"async\" width=\"1024\" height=\"571\" src=\"https:\/\/www.esme.fr\/recherche\/wp-content\/uploads\/2024\/07\/Equipe-recherche-Ivry-1024x571.jpg\" alt=\"\" class=\"wp-image-7146\" srcset=\"https:\/\/www.esme.fr\/recherche\/wp-content\/uploads\/2024\/07\/Equipe-recherche-Ivry-1024x571.jpg 1024w, https:\/\/www.esme.fr\/recherche\/wp-content\/uploads\/2024\/07\/Equipe-recherche-Ivry-300x167.jpg 300w, https:\/\/www.esme.fr\/recherche\/wp-content\/uploads\/2024\/07\/Equipe-recherche-Ivry-768x428.jpg 768w, https:\/\/www.esme.fr\/recherche\/wp-content\/uploads\/2024\/07\/Equipe-recherche-Ivry-1536x856.jpg 1536w, https:\/\/www.esme.fr\/recherche\/wp-content\/uploads\/2024\/07\/Equipe-recherche-Ivry-2048x1142.jpg 2048w\" sizes=\"auto, (max-width: 1024px) 100vw, 1024px\" \/><\/figure>\n\n\n\n<div class=\"wp-block-group alignwide has-global-padding is-layout-constrained wp-container-core-group-is-layout-12243e0f wp-block-group-is-layout-constrained\"><\/div>\n","protected":false},"excerpt":{"rendered":"<p>Pourquoi rejoindre l&rsquo;ESME Research Lab ? A l\u2019ESME, nous accordons une grande importance aux activit\u00e9s de recherche d\u00e9velopp\u00e9es par nos enseignants-chercheurs.Il est par cons\u00e9quent essentiel que ceux-ci soient accompagn\u00e9s et soutenus, afin qu\u2019ils puissent se consacrer \u00e0 leurs travaux. C\u2019est pourquoi la direction de la recherche travaille de mani\u00e8re \u00e9troite avec la direction du d\u00e9veloppement [&hellip;]<\/p>\n","protected":false},"author":13,"featured_media":5547,"parent":0,"menu_order":0,"comment_status":"closed","ping_status":"closed","template":"banner-fil-dariane","meta":{"_acf_changed":false,"footnotes":""},"class_list":["post-5466","page","type-page","status-publish","has-post-thumbnail","hentry"],"acf":[],"yoast_head":"<!-- This site is optimized with the Yoast SEO Premium plugin v22.8 (Yoast SEO v27.3) - https:\/\/yoast.com\/product\/yoast-seo-premium-wordpress\/ -->\n<title>Rejoindre l&#039;ESME Research Lab, le laboratoire de recherche de l&#039;ESME<\/title>\n<meta name=\"description\" content=\"Envie de nous rejoindre ? D\u00e9couvrez les postes d&#039;enseignant-chercheur actuellement \u00e0 pourvoir au sein de l&#039;ESME Research Lab.\" \/>\n<meta name=\"robots\" content=\"index, follow, max-snippet:-1, max-image-preview:large, max-video-preview:-1\" \/>\n<link rel=\"canonical\" href=\"https:\/\/www.esme.fr\/recherche\/rejoindre-lesme-research-lab\/\" \/>\n<meta property=\"og:locale\" content=\"fr_FR\" \/>\n<meta property=\"og:type\" content=\"article\" \/>\n<meta property=\"og:title\" content=\"Rejoindre l&#039;ESME Research Lab, le laboratoire de recherche de l&#039;ESME\" \/>\n<meta property=\"og:description\" content=\"Envie de nous rejoindre ? D\u00e9couvrez les postes d&#039;enseignant-chercheur actuellement \u00e0 pourvoir au sein de l&#039;ESME Research Lab.\" \/>\n<meta property=\"og:url\" content=\"https:\/\/www.esme.fr\/recherche\/rejoindre-lesme-research-lab\/\" \/>\n<meta property=\"article:modified_time\" content=\"2025-12-12T10:06:13+00:00\" \/>\n<meta property=\"og:image\" content=\"https:\/\/www.esme.fr\/recherche\/wp-content\/uploads\/2022\/07\/esme-ecole-ingenieur-fbk.jpg\" \/>\n\t<meta property=\"og:image:width\" content=\"1200\" \/>\n\t<meta property=\"og:image:height\" content=\"630\" \/>\n\t<meta property=\"og:image:type\" content=\"image\/jpeg\" \/>\n<meta name=\"twitter:card\" content=\"summary_large_image\" \/>\n<meta name=\"twitter:title\" content=\"Rejoindre l&#039;ESME Research Lab, le laboratoire de recherche de l&#039;ESME\" \/>\n<meta name=\"twitter:description\" content=\"Envie de nous rejoindre ? D\u00e9couvrez les postes d&#039;enseignant-chercheur actuellement \u00e0 pourvoir au sein de l&#039;ESME Research Lab.\" \/>\n<meta name=\"twitter:label1\" content=\"Dur\u00e9e de lecture estim\u00e9e\" \/>\n\t<meta name=\"twitter:data1\" content=\"2 minutes\" \/>\n<script type=\"application\/ld+json\" class=\"yoast-schema-graph\">{\"@context\":\"https:\\\/\\\/schema.org\",\"@graph\":[{\"@type\":\"WebPage\",\"@id\":\"https:\\\/\\\/www.esme.fr\\\/recherche\\\/rejoindre-lesme-research-lab\\\/\",\"url\":\"https:\\\/\\\/www.esme.fr\\\/recherche\\\/rejoindre-lesme-research-lab\\\/\",\"name\":\"Rejoindre l'ESME Research Lab, le laboratoire de recherche de l'ESME\",\"isPartOf\":{\"@id\":\"https:\\\/\\\/www.esme.fr\\\/recherche\\\/#website\"},\"primaryImageOfPage\":{\"@id\":\"https:\\\/\\\/www.esme.fr\\\/recherche\\\/rejoindre-lesme-research-lab\\\/#primaryimage\"},\"image\":{\"@id\":\"https:\\\/\\\/www.esme.fr\\\/recherche\\\/rejoindre-lesme-research-lab\\\/#primaryimage\"},\"thumbnailUrl\":\"https:\\\/\\\/www.esme.fr\\\/recherche\\\/wp-content\\\/uploads\\\/2022\\\/07\\\/esme-ecole-ingenieur-fbk.jpg\",\"datePublished\":\"2022-05-09T10:18:17+00:00\",\"dateModified\":\"2025-12-12T10:06:13+00:00\",\"description\":\"Envie de nous rejoindre ? D\u00e9couvrez les postes d'enseignant-chercheur actuellement \u00e0 pourvoir au sein de l'ESME Research Lab.\",\"breadcrumb\":{\"@id\":\"https:\\\/\\\/www.esme.fr\\\/recherche\\\/rejoindre-lesme-research-lab\\\/#breadcrumb\"},\"inLanguage\":\"fr-FR\",\"potentialAction\":[{\"@type\":\"ReadAction\",\"target\":[\"https:\\\/\\\/www.esme.fr\\\/recherche\\\/rejoindre-lesme-research-lab\\\/\"]}]},{\"@type\":\"ImageObject\",\"inLanguage\":\"fr-FR\",\"@id\":\"https:\\\/\\\/www.esme.fr\\\/recherche\\\/rejoindre-lesme-research-lab\\\/#primaryimage\",\"url\":\"https:\\\/\\\/www.esme.fr\\\/recherche\\\/wp-content\\\/uploads\\\/2022\\\/07\\\/esme-ecole-ingenieur-fbk.jpg\",\"contentUrl\":\"https:\\\/\\\/www.esme.fr\\\/recherche\\\/wp-content\\\/uploads\\\/2022\\\/07\\\/esme-ecole-ingenieur-fbk.jpg\",\"width\":1200,\"height\":630,\"caption\":\"ESME - L'\u00e9cole des ing\u00e9nieurs de l'innovation responsable\"},{\"@type\":\"BreadcrumbList\",\"@id\":\"https:\\\/\\\/www.esme.fr\\\/recherche\\\/rejoindre-lesme-research-lab\\\/#breadcrumb\",\"itemListElement\":[{\"@type\":\"ListItem\",\"position\":1,\"name\":\"Accueil\",\"item\":\"https:\\\/\\\/www.esme.fr\\\/recherche\\\/\"},{\"@type\":\"ListItem\",\"position\":2,\"name\":\"Rejoindre l&rsquo;ESME Research Lab\"}]},{\"@type\":\"WebSite\",\"@id\":\"https:\\\/\\\/www.esme.fr\\\/recherche\\\/#website\",\"url\":\"https:\\\/\\\/www.esme.fr\\\/recherche\\\/\",\"name\":\"\",\"description\":\"Innovative Engineering\",\"potentialAction\":[{\"@type\":\"SearchAction\",\"target\":{\"@type\":\"EntryPoint\",\"urlTemplate\":\"https:\\\/\\\/www.esme.fr\\\/recherche\\\/?s={search_term_string}\"},\"query-input\":{\"@type\":\"PropertyValueSpecification\",\"valueRequired\":true,\"valueName\":\"search_term_string\"}}],\"inLanguage\":\"fr-FR\"}]}<\/script>\n<!-- \/ Yoast SEO Premium plugin. -->","yoast_head_json":{"title":"Rejoindre l'ESME Research Lab, le laboratoire de recherche de l'ESME","description":"Envie de nous rejoindre ? D\u00e9couvrez les postes d'enseignant-chercheur actuellement \u00e0 pourvoir au sein de l'ESME Research Lab.","robots":{"index":"index","follow":"follow","max-snippet":"max-snippet:-1","max-image-preview":"max-image-preview:large","max-video-preview":"max-video-preview:-1"},"canonical":"https:\/\/www.esme.fr\/recherche\/rejoindre-lesme-research-lab\/","og_locale":"fr_FR","og_type":"article","og_title":"Rejoindre l'ESME Research Lab, le laboratoire de recherche de l'ESME","og_description":"Envie de nous rejoindre ? D\u00e9couvrez les postes d'enseignant-chercheur actuellement \u00e0 pourvoir au sein de l'ESME Research Lab.","og_url":"https:\/\/www.esme.fr\/recherche\/rejoindre-lesme-research-lab\/","article_modified_time":"2025-12-12T10:06:13+00:00","og_image":[{"width":1200,"height":630,"url":"https:\/\/www.esme.fr\/recherche\/wp-content\/uploads\/2022\/07\/esme-ecole-ingenieur-fbk.jpg","type":"image\/jpeg"}],"twitter_card":"summary_large_image","twitter_title":"Rejoindre l'ESME Research Lab, le laboratoire de recherche de l'ESME","twitter_description":"Envie de nous rejoindre ? D\u00e9couvrez les postes d'enseignant-chercheur actuellement \u00e0 pourvoir au sein de l'ESME Research Lab.","twitter_misc":{"Dur\u00e9e de lecture estim\u00e9e":"2 minutes"},"schema":{"@context":"https:\/\/schema.org","@graph":[{"@type":"WebPage","@id":"https:\/\/www.esme.fr\/recherche\/rejoindre-lesme-research-lab\/","url":"https:\/\/www.esme.fr\/recherche\/rejoindre-lesme-research-lab\/","name":"Rejoindre l'ESME Research Lab, le laboratoire de recherche de l'ESME","isPartOf":{"@id":"https:\/\/www.esme.fr\/recherche\/#website"},"primaryImageOfPage":{"@id":"https:\/\/www.esme.fr\/recherche\/rejoindre-lesme-research-lab\/#primaryimage"},"image":{"@id":"https:\/\/www.esme.fr\/recherche\/rejoindre-lesme-research-lab\/#primaryimage"},"thumbnailUrl":"https:\/\/www.esme.fr\/recherche\/wp-content\/uploads\/2022\/07\/esme-ecole-ingenieur-fbk.jpg","datePublished":"2022-05-09T10:18:17+00:00","dateModified":"2025-12-12T10:06:13+00:00","description":"Envie de nous rejoindre ? D\u00e9couvrez les postes d'enseignant-chercheur actuellement \u00e0 pourvoir au sein de l'ESME Research Lab.","breadcrumb":{"@id":"https:\/\/www.esme.fr\/recherche\/rejoindre-lesme-research-lab\/#breadcrumb"},"inLanguage":"fr-FR","potentialAction":[{"@type":"ReadAction","target":["https:\/\/www.esme.fr\/recherche\/rejoindre-lesme-research-lab\/"]}]},{"@type":"ImageObject","inLanguage":"fr-FR","@id":"https:\/\/www.esme.fr\/recherche\/rejoindre-lesme-research-lab\/#primaryimage","url":"https:\/\/www.esme.fr\/recherche\/wp-content\/uploads\/2022\/07\/esme-ecole-ingenieur-fbk.jpg","contentUrl":"https:\/\/www.esme.fr\/recherche\/wp-content\/uploads\/2022\/07\/esme-ecole-ingenieur-fbk.jpg","width":1200,"height":630,"caption":"ESME - L'\u00e9cole des ing\u00e9nieurs de l'innovation responsable"},{"@type":"BreadcrumbList","@id":"https:\/\/www.esme.fr\/recherche\/rejoindre-lesme-research-lab\/#breadcrumb","itemListElement":[{"@type":"ListItem","position":1,"name":"Accueil","item":"https:\/\/www.esme.fr\/recherche\/"},{"@type":"ListItem","position":2,"name":"Rejoindre l&rsquo;ESME Research Lab"}]},{"@type":"WebSite","@id":"https:\/\/www.esme.fr\/recherche\/#website","url":"https:\/\/www.esme.fr\/recherche\/","name":"","description":"Innovative Engineering","potentialAction":[{"@type":"SearchAction","target":{"@type":"EntryPoint","urlTemplate":"https:\/\/www.esme.fr\/recherche\/?s={search_term_string}"},"query-input":{"@type":"PropertyValueSpecification","valueRequired":true,"valueName":"search_term_string"}}],"inLanguage":"fr-FR"}]}},"_links":{"self":[{"href":"https:\/\/www.esme.fr\/recherche\/wp-json\/wp\/v2\/pages\/5466","targetHints":{"allow":["GET"]}}],"collection":[{"href":"https:\/\/www.esme.fr\/recherche\/wp-json\/wp\/v2\/pages"}],"about":[{"href":"https:\/\/www.esme.fr\/recherche\/wp-json\/wp\/v2\/types\/page"}],"author":[{"embeddable":true,"href":"https:\/\/www.esme.fr\/recherche\/wp-json\/wp\/v2\/users\/13"}],"replies":[{"embeddable":true,"href":"https:\/\/www.esme.fr\/recherche\/wp-json\/wp\/v2\/comments?post=5466"}],"version-history":[{"count":28,"href":"https:\/\/www.esme.fr\/recherche\/wp-json\/wp\/v2\/pages\/5466\/revisions"}],"predecessor-version":[{"id":7639,"href":"https:\/\/www.esme.fr\/recherche\/wp-json\/wp\/v2\/pages\/5466\/revisions\/7639"}],"wp:featuredmedia":[{"embeddable":true,"href":"https:\/\/www.esme.fr\/recherche\/wp-json\/wp\/v2\/media\/5547"}],"wp:attachment":[{"href":"https:\/\/www.esme.fr\/recherche\/wp-json\/wp\/v2\/media?parent=5466"}],"curies":[{"name":"wp","href":"https:\/\/api.w.org\/{rel}","templated":true}]}}